{"id":1856,"date":"2025-10-20T14:31:58","date_gmt":"2025-10-20T19:31:58","guid":{"rendered":"https:\/\/can-act.org\/conditions-dutilisation\/"},"modified":"2025-10-21T13:47:07","modified_gmt":"2025-10-21T18:47:07","slug":"conditions-dutilisation","status":"publish","type":"page","link":"https:\/\/can-act.org\/fr\/conditions-dutilisation\/","title":{"rendered":"Conditions d&rsquo;utilisation \/ Avis de non-responsabilit\u00e9"},"content":{"rendered":"\t\t<div data-elementor-type=\"wp-page\" data-elementor-id=\"1856\" class=\"elementor elementor-1856 elementor-1759\" data-elementor-post-type=\"page\">\n\t\t\t\t<div class=\"elementor-element elementor-element-2576de1e e-flex e-con-boxed e-con e-parent\" data-id=\"2576de1e\" data-element_type=\"container\" data-e-type=\"container\" data-settings=\"{&quot;background_background&quot;:&quot;classic&quot;}\">\n\t\t\t\t\t<div class=\"e-con-inner\">\n\t\t<div class=\"elementor-element elementor-element-564ed8b8 e-flex e-con-boxed e-con e-child\" data-id=\"564ed8b8\" data-element_type=\"container\" data-e-type=\"container\">\n\t\t\t\t\t<div class=\"e-con-inner\">\n\t\t<div class=\"elementor-element elementor-element-20a32c10 e-flex e-con-boxed e-con e-child\" data-id=\"20a32c10\" data-element_type=\"container\" data-e-type=\"container\">\n\t\t\t\t\t<div class=\"e-con-inner\">\n\t\t<div class=\"elementor-element elementor-element-716bcd73 e-flex e-con-boxed e-con e-child\" data-id=\"716bcd73\" data-element_type=\"container\" data-e-type=\"container\">\n\t\t\t\t\t<div class=\"e-con-inner\">\n\t\t\t\t<div class=\"elementor-element elementor-element-6755652b elementor-widget elementor-widget-heading\" data-id=\"6755652b\" data-element_type=\"widget\" data-e-type=\"widget\" data-widget_type=\"heading.default\">\n\t\t\t\t\t<h1 class=\"elementor-heading-title elementor-size-default\">Conditions d'utilisation \/ Avis de non-responsabilit\u00e9<\/h1>\t\t\t\t<\/div>\n\t\t\t\t\t<\/div>\n\t\t\t\t<\/div>\n\t\t\t\t\t<\/div>\n\t\t\t\t<\/div>\n\t\t<div class=\"elementor-element elementor-element-11541db3 e-con-full e-flex e-con e-child\" data-id=\"11541db3\" data-element_type=\"container\" data-e-type=\"container\">\n\t\t<div class=\"elementor-element elementor-element-73ec5494 e-con-full e-flex e-con e-child\" data-id=\"73ec5494\" data-element_type=\"container\" data-e-type=\"container\">\n\t\t\t\t<\/div>\n\t\t<div class=\"elementor-element elementor-element-649d56fd e-con-full e-flex e-con e-child\" data-id=\"649d56fd\" data-element_type=\"container\" data-e-type=\"container\">\n\t\t\t\t<div class=\"elementor-element elementor-element-1b101e99 elementor-widget elementor-widget-text-editor\" data-id=\"1b101e99\" data-element_type=\"widget\" data-e-type=\"widget\" data-widget_type=\"text-editor.default\">\n\t\t\t\t\t\t\t\t\t<p><strong>Les informations contenues sur can-act.org et ses liens (\u00ab\u00a0Informations\u00a0\u00bb) sont mises \u00e0 disposition sous r\u00e9serve des conditions suivantes\u00a0:<\/strong><\/p>\n<p><strong>\u00a0<\/strong><\/p>\n<ol>\n<li>Des modifications peuvent survenir depuis la derni\u00e8re mise \u00e0 jour, affectant l&rsquo;exactitude et la disponibilit\u00e9 des informations pr\u00e9sent\u00e9es.<\/li>\n<li>En tant que visiteur du site web, il vous est conseill\u00e9 de v\u00e9rifier ind\u00e9pendamment les informations obtenues sur Internet avant d&rsquo;utiliser ou de prendre toute d\u00e9cision fond\u00e9e sur celles-ci.<\/li>\n<li>Vous devez confirmer tous les calculs avant utilisation. Les r\u00e9sultats sugg\u00e9r\u00e9s ne se substituent pas au jugement clinique. Ni can-act.org, ni Le Registre Canadien des Aortopathies et Maladies Cong\u00e9nitales du Tissu Conjonctif (CAN-ACT), ni la Fondation du syndrome de Loeys-Dietz Canada, ni aucune autre partie (la \u00ab\u00a0Partie\u00a0\u00bb ou les \u00ab\u00a0Parties\u00a0\u00bb) impliqu\u00e9e dans la pr\u00e9paration ou la publication de ce site Web ou des Informations, ne peuvent \u00eatre tenus responsables de tout dommage, y compris les blessures corporelles, le d\u00e9c\u00e8s, les dommages mat\u00e9riels ou les dommages sp\u00e9ciaux, cons\u00e9cutifs, exemplaires, indirects ou punitifs, d\u00e9coulant de votre utilisation de ce site Web ou r\u00e9sultant, en tout ou en partie, de l&rsquo;utilisation ou de la confiance accord\u00e9e aux r\u00e9sultats ou valeurs g\u00e9n\u00e9r\u00e9s par les calculateurs ou autres informations ou documents inclus sur ce site Web.<\/li>\n<li>En contrepartie de votre utilisation de ce site web, can-act.org, vous vous engagez \u00e0 ne pas poursuivre et \u00e0 indemniser, lib\u00e9rer et d\u00e9charger can-act.org, CAN-ACT et la Fondation du syndrome de Loeys-Dietz Canada, ainsi que toute personne et\/ou organisation associ\u00e9e \u00e0 ce site web, de toute responsabilit\u00e9, y compris les r\u00e9clamations, les litiges, les frais de d\u00e9fense, y compris les honoraires d&rsquo;avocat, pour tout d\u00e9c\u00e8s, blessure corporelle ou dommage mat\u00e9riel de quelque nature que ce soit, d\u00e9coulant de votre utilisation de ce site web ou d\u00e9coulant, en tout ou en partie, de l&rsquo;utilisation ou de la confiance accord\u00e9e aux r\u00e9sultats ou valeurs g\u00e9n\u00e9r\u00e9s par les calculateurs ou autres informations ou documents inclus sur ce site web.<\/li>\n<li>L&rsquo;accessibilit\u00e9 des services, documents, programmes, informations et tout autre mat\u00e9riel par l&rsquo;interm\u00e9diaire de ce site web n&rsquo;implique pas leur ad\u00e9quation ni leur approbation \u00e0 quelque fin que ce soit par les parties.<\/li>\n<li>Aucun conseil m\u00e9dical sp\u00e9cifique n&rsquo;est fourni et can-act.org encourage les patients \u00e0 consulter un m\u00e9decin qualifi\u00e9 pour obtenir un diagnostic et des r\u00e9ponses \u00e0 leurs questions personnelles.<\/li>\n<li>Vous acceptez de respecter toutes les lois applicables en mati\u00e8re de droits d&rsquo;auteur et de propri\u00e9t\u00e9 intellectuelle.<\/li>\n<li>can-act.org ne peut garantir aux utilisateurs aucune protection contre d&rsquo;\u00e9ventuelles infections et virus transmis lors du t\u00e9l\u00e9chargement de fichiers depuis ce site et d\u00e9cline donc toute responsabilit\u00e9 en cas de contamination par des virus et autres infections.<\/li>\n<li>Si vous n&rsquo;acceptez pas les termes et conditions de cette clause de non-responsabilit\u00e9, vous n&rsquo;\u00eates pas autoris\u00e9 \u00e0 utiliser ce site web.<\/li>\n<\/ol>\n\t\t\t\t\t\t\t\t<\/div>\n\t\t\t\t<\/div>\n\t\t\t\t<\/div>\n\t\t\t\t\t<\/div>\n\t\t\t\t<\/div>\n\t\t\t\t\t<\/div>\n\t\t\t\t<\/div>\n\t\t\t\t<\/div>\n\t\t","protected":false},"excerpt":{"rendered":"<p>Conditions d&rsquo;utilisation \/ Avis de non-responsabilit\u00e9 Les informations contenues sur can-act.org et ses liens (\u00ab\u00a0Informations\u00a0\u00bb) sont mises \u00e0 disposition sous r\u00e9serve des conditions suivantes\u00a0: \u00a0 Des modifications peuvent survenir depuis la derni\u00e8re mise \u00e0 jour, affectant l&rsquo;exactitude et la disponibilit\u00e9 des informations pr\u00e9sent\u00e9es. En tant que visiteur du site web, il vous est conseill\u00e9 de [&hellip;]<\/p>\n","protected":false},"author":1,"featured_media":0,"parent":0,"menu_order":0,"comment_status":"closed","ping_status":"closed","template":"elementor_header_footer","meta":{"site-sidebar-layout":"no-sidebar","site-content-layout":"page-builder","ast-site-content-layout":"full-width-container","site-content-style":"default","site-sidebar-style":"default","ast-global-header-display":"","ast-banner-title-visibility":"","ast-main-header-display":"","ast-hfb-above-header-display":"","ast-hfb-below-header-display":"","ast-hfb-mobile-header-display":"","site-post-title":"disabled","ast-breadcrumbs-content":"","ast-featured-img":"disabled","footer-sml-layout":"","ast-disable-related-posts":"","theme-transparent-header-meta":"","adv-header-id-meta":"","stick-header-meta":"","header-above-stick-meta":"","header-main-stick-meta":"","header-below-stick-meta":"","astra-migrate-meta-layouts":"default","ast-page-background-enabled":"default","ast-page-background-meta":{"desktop":{"background-color":"var(--ast-global-color-4)","background-image":"","background-repeat":"repeat","background-position":"center center","background-size":"auto","background-attachment":"scroll","background-type":"","background-media":"","overlay-type":"","overlay-color":"","overlay-opacity":"","overlay-gradient":""},"tablet":{"background-color":"","background-image":"","background-repeat":"repeat","background-position":"center center","background-size":"auto","background-attachment":"scroll","background-type":"","background-media":"","overlay-type":"","overlay-color":"","overlay-opacity":"","overlay-gradient":""},"mobile":{"background-color":"","background-image":"","background-repeat":"repeat","background-position":"center center","background-size":"auto","background-attachment":"scroll","background-type":"","background-media":"","overlay-type":"","overlay-color":"","overlay-opacity":"","overlay-gradient":""}},"ast-content-background-meta":{"desktop":{"background-color":"var(--ast-global-color-5)","background-image":"","background-repeat":"repeat","background-position":"center center","background-size":"auto","background-attachment":"scroll","background-type":"","background-media":"","overlay-type":"","overlay-color":"","overlay-opacity":"","overlay-gradient":""},"tablet":{"background-color":"var(--ast-global-color-5)","background-image":"","background-repeat":"repeat","background-position":"center center","background-size":"auto","background-attachment":"scroll","background-type":"","background-media":"","overlay-type":"","overlay-color":"","overlay-opacity":"","overlay-gradient":""},"mobile":{"background-color":"var(--ast-global-color-5)","background-image":"","background-repeat":"repeat","background-position":"center center","background-size":"auto","background-attachment":"scroll","background-type":"","background-media":"","overlay-type":"","overlay-color":"","overlay-opacity":"","overlay-gradient":""}},"footnotes":""},"class_list":["post-1856","page","type-page","status-publish","hentry"],"yoast_head":"<!-- This site is optimized with the Yoast SEO plugin v27.4 - https:\/\/yoast.com\/product\/yoast-seo-wordpress\/ -->\n<title>Conditions d&#039;utilisation \/ Avis de non-responsabilit\u00e9 - CAN-ACT<\/title>\n<meta name=\"robots\" content=\"index, follow, max-snippet:-1, max-image-preview:large, max-video-preview:-1\" \/>\n<link rel=\"canonical\" href=\"https:\/\/can-act.org\/fr\/conditions-dutilisation\/\" \/>\n<meta property=\"og:locale\" content=\"fr_FR\" \/>\n<meta property=\"og:type\" content=\"article\" \/>\n<meta property=\"og:title\" content=\"Conditions d&#039;utilisation \/ Avis de non-responsabilit\u00e9 - CAN-ACT\" \/>\n<meta property=\"og:description\" content=\"Conditions d&rsquo;utilisation \/ Avis de non-responsabilit\u00e9 Les informations contenues sur can-act.org et ses liens (\u00ab\u00a0Informations\u00a0\u00bb) sont mises \u00e0 disposition sous r\u00e9serve des conditions suivantes\u00a0: \u00a0 Des modifications peuvent survenir depuis la derni\u00e8re mise \u00e0 jour, affectant l&rsquo;exactitude et la disponibilit\u00e9 des informations pr\u00e9sent\u00e9es. En tant que visiteur du site web, il vous est conseill\u00e9 de [&hellip;]\" \/>\n<meta property=\"og:url\" content=\"https:\/\/can-act.org\/fr\/conditions-dutilisation\/\" \/>\n<meta property=\"og:site_name\" content=\"CAN-ACT\" \/>\n<meta property=\"article:modified_time\" content=\"2025-10-21T18:47:07+00:00\" \/>\n<meta name=\"twitter:card\" content=\"summary_large_image\" \/>\n<meta name=\"twitter:label1\" content=\"Dur\u00e9e de lecture estim\u00e9e\" \/>\n\t<meta name=\"twitter:data1\" content=\"3 minutes\" \/>\n<script type=\"application\/ld+json\" class=\"yoast-schema-graph\">{\"@context\":\"https:\\\/\\\/schema.org\",\"@graph\":[{\"@type\":\"WebPage\",\"@id\":\"https:\\\/\\\/can-act.org\\\/fr\\\/conditions-dutilisation\\\/\",\"url\":\"https:\\\/\\\/can-act.org\\\/fr\\\/conditions-dutilisation\\\/\",\"name\":\"Conditions d'utilisation \\\/ Avis de non-responsabilit\u00e9 - CAN-ACT\",\"isPartOf\":{\"@id\":\"https:\\\/\\\/can-act.org\\\/fr\\\/#website\"},\"datePublished\":\"2025-10-20T19:31:58+00:00\",\"dateModified\":\"2025-10-21T18:47:07+00:00\",\"breadcrumb\":{\"@id\":\"https:\\\/\\\/can-act.org\\\/fr\\\/conditions-dutilisation\\\/#breadcrumb\"},\"inLanguage\":\"fr-FR\",\"potentialAction\":[{\"@type\":\"ReadAction\",\"target\":[\"https:\\\/\\\/can-act.org\\\/fr\\\/conditions-dutilisation\\\/\"]}]},{\"@type\":\"BreadcrumbList\",\"@id\":\"https:\\\/\\\/can-act.org\\\/fr\\\/conditions-dutilisation\\\/#breadcrumb\",\"itemListElement\":[{\"@type\":\"ListItem\",\"position\":1,\"name\":\"Home\",\"item\":\"https:\\\/\\\/can-act.org\\\/fr\\\/\"},{\"@type\":\"ListItem\",\"position\":2,\"name\":\"Conditions d&#8217;utilisation \\\/ Avis de non-responsabilit\u00e9\"}]},{\"@type\":\"WebSite\",\"@id\":\"https:\\\/\\\/can-act.org\\\/fr\\\/#website\",\"url\":\"https:\\\/\\\/can-act.org\\\/fr\\\/\",\"name\":\"CAN-ACT\",\"description\":\"The Canadian Aortopathy and Connective Tissue Disorders Registry\",\"publisher\":{\"@id\":\"https:\\\/\\\/can-act.org\\\/fr\\\/#organization\"},\"potentialAction\":[{\"@type\":\"SearchAction\",\"target\":{\"@type\":\"EntryPoint\",\"urlTemplate\":\"https:\\\/\\\/can-act.org\\\/fr\\\/?s={search_term_string}\"},\"query-input\":{\"@type\":\"PropertyValueSpecification\",\"valueRequired\":true,\"valueName\":\"search_term_string\"}}],\"inLanguage\":\"fr-FR\"},{\"@type\":\"Organization\",\"@id\":\"https:\\\/\\\/can-act.org\\\/fr\\\/#organization\",\"name\":\"CAN-ACT\",\"url\":\"https:\\\/\\\/can-act.org\\\/fr\\\/\",\"logo\":{\"@type\":\"ImageObject\",\"inLanguage\":\"fr-FR\",\"@id\":\"https:\\\/\\\/can-act.org\\\/fr\\\/#\\\/schema\\\/logo\\\/image\\\/\",\"url\":\"https:\\\/\\\/can-act.org\\\/wp-content\\\/uploads\\\/2025\\\/10\\\/logo_fr.png\",\"contentUrl\":\"https:\\\/\\\/can-act.org\\\/wp-content\\\/uploads\\\/2025\\\/10\\\/logo_fr.png\",\"width\":213,\"height\":71,\"caption\":\"CAN-ACT\"},\"image\":{\"@id\":\"https:\\\/\\\/can-act.org\\\/fr\\\/#\\\/schema\\\/logo\\\/image\\\/\"}}]}<\/script>\n<!-- \/ Yoast SEO plugin. -->","yoast_head_json":{"title":"Conditions d'utilisation \/ Avis de non-responsabilit\u00e9 - CAN-ACT","robots":{"index":"index","follow":"follow","max-snippet":"max-snippet:-1","max-image-preview":"max-image-preview:large","max-video-preview":"max-video-preview:-1"},"canonical":"https:\/\/can-act.org\/fr\/conditions-dutilisation\/","og_locale":"fr_FR","og_type":"article","og_title":"Conditions d'utilisation \/ Avis de non-responsabilit\u00e9 - CAN-ACT","og_description":"Conditions d&rsquo;utilisation \/ Avis de non-responsabilit\u00e9 Les informations contenues sur can-act.org et ses liens (\u00ab\u00a0Informations\u00a0\u00bb) sont mises \u00e0 disposition sous r\u00e9serve des conditions suivantes\u00a0: \u00a0 Des modifications peuvent survenir depuis la derni\u00e8re mise \u00e0 jour, affectant l&rsquo;exactitude et la disponibilit\u00e9 des informations pr\u00e9sent\u00e9es. En tant que visiteur du site web, il vous est conseill\u00e9 de [&hellip;]","og_url":"https:\/\/can-act.org\/fr\/conditions-dutilisation\/","og_site_name":"CAN-ACT","article_modified_time":"2025-10-21T18:47:07+00:00","twitter_card":"summary_large_image","twitter_misc":{"Dur\u00e9e de lecture estim\u00e9e":"3 minutes"},"schema":{"@context":"https:\/\/schema.org","@graph":[{"@type":"WebPage","@id":"https:\/\/can-act.org\/fr\/conditions-dutilisation\/","url":"https:\/\/can-act.org\/fr\/conditions-dutilisation\/","name":"Conditions d'utilisation \/ Avis de non-responsabilit\u00e9 - CAN-ACT","isPartOf":{"@id":"https:\/\/can-act.org\/fr\/#website"},"datePublished":"2025-10-20T19:31:58+00:00","dateModified":"2025-10-21T18:47:07+00:00","breadcrumb":{"@id":"https:\/\/can-act.org\/fr\/conditions-dutilisation\/#breadcrumb"},"inLanguage":"fr-FR","potentialAction":[{"@type":"ReadAction","target":["https:\/\/can-act.org\/fr\/conditions-dutilisation\/"]}]},{"@type":"BreadcrumbList","@id":"https:\/\/can-act.org\/fr\/conditions-dutilisation\/#breadcrumb","itemListElement":[{"@type":"ListItem","position":1,"name":"Home","item":"https:\/\/can-act.org\/fr\/"},{"@type":"ListItem","position":2,"name":"Conditions d&#8217;utilisation \/ Avis de non-responsabilit\u00e9"}]},{"@type":"WebSite","@id":"https:\/\/can-act.org\/fr\/#website","url":"https:\/\/can-act.org\/fr\/","name":"CAN-ACT","description":"The Canadian Aortopathy and Connective Tissue Disorders Registry","publisher":{"@id":"https:\/\/can-act.org\/fr\/#organization"},"potentialAction":[{"@type":"SearchAction","target":{"@type":"EntryPoint","urlTemplate":"https:\/\/can-act.org\/fr\/?s={search_term_string}"},"query-input":{"@type":"PropertyValueSpecification","valueRequired":true,"valueName":"search_term_string"}}],"inLanguage":"fr-FR"},{"@type":"Organization","@id":"https:\/\/can-act.org\/fr\/#organization","name":"CAN-ACT","url":"https:\/\/can-act.org\/fr\/","logo":{"@type":"ImageObject","inLanguage":"fr-FR","@id":"https:\/\/can-act.org\/fr\/#\/schema\/logo\/image\/","url":"https:\/\/can-act.org\/wp-content\/uploads\/2025\/10\/logo_fr.png","contentUrl":"https:\/\/can-act.org\/wp-content\/uploads\/2025\/10\/logo_fr.png","width":213,"height":71,"caption":"CAN-ACT"},"image":{"@id":"https:\/\/can-act.org\/fr\/#\/schema\/logo\/image\/"}}]}},"_links":{"self":[{"href":"https:\/\/can-act.org\/fr\/wp-json\/wp\/v2\/pages\/1856","targetHints":{"allow":["GET"]}}],"collection":[{"href":"https:\/\/can-act.org\/fr\/wp-json\/wp\/v2\/pages"}],"about":[{"href":"https:\/\/can-act.org\/fr\/wp-json\/wp\/v2\/types\/page"}],"author":[{"embeddable":true,"href":"https:\/\/can-act.org\/fr\/wp-json\/wp\/v2\/users\/1"}],"replies":[{"embeddable":true,"href":"https:\/\/can-act.org\/fr\/wp-json\/wp\/v2\/comments?post=1856"}],"version-history":[{"count":1,"href":"https:\/\/can-act.org\/fr\/wp-json\/wp\/v2\/pages\/1856\/revisions"}],"predecessor-version":[{"id":1857,"href":"https:\/\/can-act.org\/fr\/wp-json\/wp\/v2\/pages\/1856\/revisions\/1857"}],"wp:attachment":[{"href":"https:\/\/can-act.org\/fr\/wp-json\/wp\/v2\/media?parent=1856"}],"curies":[{"name":"wp","href":"https:\/\/api.w.org\/{rel}","templated":true}]}}