{"id":1651,"date":"2025-09-21T16:22:36","date_gmt":"2025-09-21T21:22:36","guid":{"rendered":"https:\/\/can-act.org\/a-propos\/inscriptions\/"},"modified":"2026-04-12T10:15:12","modified_gmt":"2026-04-12T15:15:12","slug":"inscriptions","status":"publish","type":"page","link":"https:\/\/can-act.org\/fr\/a-propos\/inscriptions\/","title":{"rendered":"Mises \u00e0 jour des inscriptions"},"content":{"rendered":"\t\t<div data-elementor-type=\"wp-page\" data-elementor-id=\"1651\" class=\"elementor elementor-1651 elementor-1423\" data-elementor-post-type=\"page\">\n\t\t\t\t<div class=\"elementor-element elementor-element-33e4dc95 e-flex e-con-boxed e-con e-parent\" data-id=\"33e4dc95\" data-element_type=\"container\" data-e-type=\"container\" data-settings=\"{&quot;background_background&quot;:&quot;classic&quot;}\">\n\t\t\t\t\t<div class=\"e-con-inner\">\n\t\t<div class=\"elementor-element elementor-element-1c6bddd0 e-flex e-con-boxed e-con e-child\" data-id=\"1c6bddd0\" data-element_type=\"container\" data-e-type=\"container\">\n\t\t\t\t\t<div class=\"e-con-inner\">\n\t\t<div class=\"elementor-element elementor-element-2fe803fa e-flex e-con-boxed e-con e-child\" data-id=\"2fe803fa\" data-element_type=\"container\" data-e-type=\"container\">\n\t\t\t\t\t<div class=\"e-con-inner\">\n\t\t<div class=\"elementor-element elementor-element-10e6cff8 e-flex e-con-boxed e-con e-child\" data-id=\"10e6cff8\" data-element_type=\"container\" data-e-type=\"container\">\n\t\t\t\t\t<div class=\"e-con-inner\">\n\t\t\t\t<div class=\"elementor-element elementor-element-782570b5 elementor-widget elementor-widget-heading\" data-id=\"782570b5\" data-element_type=\"widget\" data-e-type=\"widget\" data-widget_type=\"heading.default\">\n\t\t\t\t\t<h1 class=\"elementor-heading-title elementor-size-default\">Institutions partenaires pour les mises \u00e0 jour des inscriptions<\/h1>\t\t\t\t<\/div>\n\t\t\t\t\t<\/div>\n\t\t\t\t<\/div>\n\t\t\t\t\t<\/div>\n\t\t\t\t<\/div>\n\t\t<div class=\"elementor-element elementor-element-16958e8d e-con-full e-flex e-con e-child\" data-id=\"16958e8d\" data-element_type=\"container\" data-e-type=\"container\">\n\t\t<div class=\"elementor-element elementor-element-fc9cd5d e-con-full e-flex e-con e-child\" data-id=\"fc9cd5d\" data-element_type=\"container\" data-e-type=\"container\">\n\t\t\t\t<div class=\"elementor-element elementor-element-c721c4b elementor-widget elementor-widget-text-editor\" data-id=\"c721c4b\" data-element_type=\"widget\" data-e-type=\"widget\" data-widget_type=\"text-editor.default\">\n\t\t\t\t\t\t\t\t\t<ul>\n<li>University of Saskatchewan\/Jim Pattison Children\u2019s Hospital<\/li>\n<li>McGill University\/Montreal Children\u2019s Hospital<\/li>\n<li>Universit\u00e9 de Sherbrooke\/H\u00f4pital Fleurimont (CHUS)<\/li>\n<li>Universit\u00e9 de Montr\u00e9al\/CHU Sainte Justine<\/li>\n<li>Memorial University of Newfoundland\/Janeway Children\u2019s Hospital<\/li>\n<li>Dalhousie University\/IWK Children\u2019s Heart Centre<\/li>\n<li>CHU de Qu\u00e9bec \u2013 Universit\u00e9 Laval\/Centre m\u00e8re enfant Soleil<\/li>\n<li>University of Ottawa\/Children\u2019s Hospital of Eastern Ontario<\/li>\n<li>McMaster University\/McMaster Children\u2019s Hospital<\/li>\n<li>Western University\/Children\u2019s Hospital, LHSC<\/li>\n<li>Queens University\/Kingston General Hospital<\/li>\n<li>University of Manitoba\/HSC Children\u2019s Hospital<\/li>\n<li>University of Calgary\/Alberta Children\u2019s Hospital<\/li>\n<li>University of Alberta\/Stollery Children\u2019s Hospital<\/li>\n<li>University of British Columbia\/BC Children\u2019s Hospital<\/li>\n<li>Vancouver Island Health Authority\/Victoria General Hospital<\/li>\n<\/ul>\n\t\t\t\t\t\t\t\t<\/div>\n\t\t\t\t<\/div>\n\t\t\t\t<\/div>\n\t\t\t\t\t<\/div>\n\t\t\t\t<\/div>\n\t\t\t\t\t<\/div>\n\t\t\t\t<\/div>\n\t\t<div class=\"elementor-element elementor-element-2ff4864 e-flex e-con-boxed e-con e-parent\" data-id=\"2ff4864\" data-element_type=\"container\" data-e-type=\"container\">\n\t\t\t\t\t<div class=\"e-con-inner\">\n\t\t\t\t<div class=\"elementor-element elementor-element-a3a7c41 elementor-widget elementor-widget-image\" data-id=\"a3a7c41\" data-element_type=\"widget\" data-e-type=\"widget\" data-widget_type=\"image.default\">\n\t\t\t\t\t\t\t\t\t\t\t\t<figure class=\"wp-caption\">\n\t\t\t\t\t\t\t\t\t\t\t<a href=\"https:\/\/can-act.org\/wp-content\/uploads\/2026\/04\/Inscription_a_CAN_ACT_10_avril_2026-1-scaled.png\" data-elementor-open-lightbox=\"yes\" data-elementor-lightbox-title=\"Inscription_\u00e0_CAN_ACT_10_avril_2026\" data-e-action-hash=\"#elementor-action%3Aaction%3Dlightbox%26settings%3DeyJpZCI6MjE4MiwidXJsIjoiaHR0cHM6XC9cL2Nhbi1hY3Qub3JnXC93cC1jb250ZW50XC91cGxvYWRzXC8yMDI2XC8wNFwvSW5zY3JpcHRpb25fYV9DQU5fQUNUXzEwX2F2cmlsXzIwMjYtMS1zY2FsZWQucG5nIn0%3D\">\n\t\t\t\t\t\t\t<img fetchpriority=\"high\" decoding=\"async\" width=\"1024\" height=\"472\" src=\"https:\/\/can-act.org\/wp-content\/uploads\/2026\/04\/Inscription_a_CAN_ACT_10_avril_2026-1-1024x472.png\" class=\"attachment-large size-large wp-image-2182\" alt=\"\" srcset=\"https:\/\/can-act.org\/wp-content\/uploads\/2026\/04\/Inscription_a_CAN_ACT_10_avril_2026-1-1024x472.png 1024w, https:\/\/can-act.org\/wp-content\/uploads\/2026\/04\/Inscription_a_CAN_ACT_10_avril_2026-1-300x138.png 300w, https:\/\/can-act.org\/wp-content\/uploads\/2026\/04\/Inscription_a_CAN_ACT_10_avril_2026-1-768x354.png 768w, https:\/\/can-act.org\/wp-content\/uploads\/2026\/04\/Inscription_a_CAN_ACT_10_avril_2026-1-1536x709.png 1536w, https:\/\/can-act.org\/wp-content\/uploads\/2026\/04\/Inscription_a_CAN_ACT_10_avril_2026-1-2048x945.png 2048w\" sizes=\"(max-width: 1024px) 100vw, 1024px\" \/>\t\t\t\t\t\t\t\t<\/a>\n\t\t\t\t\t\t\t\t\t\t\t<figcaption class=\"widget-image-caption wp-caption-text\">Derni\u00e8re mise \u00e0 jour : 10 avril 2026<\/figcaption>\n\t\t\t\t\t\t\t\t\t\t<\/figure>\n\t\t\t\t\t\t\t\t\t<\/div>\n\t\t\t\t<div class=\"elementor-element elementor-element-1e6d302 elementor-widget elementor-widget-spacer\" data-id=\"1e6d302\" data-element_type=\"widget\" data-e-type=\"widget\" data-widget_type=\"spacer.default\">\n\t\t\t\t\t\t\t<div class=\"elementor-spacer\">\n\t\t\t<div class=\"elementor-spacer-inner\"><\/div>\n\t\t<\/div>\n\t\t\t\t\t\t<\/div>\n\t\t\t\t\t<\/div>\n\t\t\t\t<\/div>\n\t\t<div class=\"elementor-element elementor-element-7e692fe e-flex e-con-boxed e-con e-parent\" data-id=\"7e692fe\" data-element_type=\"container\" data-e-type=\"container\">\n\t\t\t\t\t<div class=\"e-con-inner\">\n\t\t\t\t<div class=\"elementor-element elementor-element-34cb60f elementor-align-center elementor-widget elementor-widget-button\" data-id=\"34cb60f\" data-element_type=\"widget\" data-e-type=\"widget\" data-widget_type=\"button.default\">\n\t\t\t\t\t\t\t\t\t\t<a class=\"elementor-button elementor-button-link elementor-size-sm\" href=\"https:\/\/redcap.cred.ca\/surveys\/?__dashboard=K4NLRFTX3E4\" target=\"_blank\">\n\t\t\t\t\t\t<span class=\"elementor-button-content-wrapper\">\n\t\t\t\t\t\t\t\t\t<span class=\"elementor-button-text\">Consultez le tableau de bord du registre CAN-ACT (REDCap)<\/span>\n\t\t\t\t\t<\/span>\n\t\t\t\t\t<\/a>\n\t\t\t\t\t\t\t\t<\/div>\n\t\t\t\t<div class=\"elementor-element elementor-element-9b12728 elementor-widget elementor-widget-spacer\" data-id=\"9b12728\" data-element_type=\"widget\" data-e-type=\"widget\" data-widget_type=\"spacer.default\">\n\t\t\t\t\t\t\t<div class=\"elementor-spacer\">\n\t\t\t<div class=\"elementor-spacer-inner\"><\/div>\n\t\t<\/div>\n\t\t\t\t\t\t<\/div>\n\t\t\t\t\t<\/div>\n\t\t\t\t<\/div>\n\t\t\t\t<\/div>\n\t\t","protected":false},"excerpt":{"rendered":"<p>Institutions partenaires pour les mises \u00e0 jour des inscriptions University of Saskatchewan\/Jim Pattison Children\u2019s Hospital McGill University\/Montreal Children\u2019s Hospital Universit\u00e9 de Sherbrooke\/H\u00f4pital Fleurimont (CHUS) Universit\u00e9 de Montr\u00e9al\/CHU Sainte Justine Memorial University of Newfoundland\/Janeway Children\u2019s Hospital Dalhousie University\/IWK Children\u2019s Heart Centre CHU de Qu\u00e9bec \u2013 Universit\u00e9 Laval\/Centre m\u00e8re enfant Soleil University of Ottawa\/Children\u2019s Hospital of Eastern [&hellip;]<\/p>\n","protected":false},"author":1,"featured_media":0,"parent":1586,"menu_order":0,"comment_status":"closed","ping_status":"closed","template":"elementor_header_footer","meta":{"site-sidebar-layout":"no-sidebar","site-content-layout":"page-builder","ast-site-content-layout":"full-width-container","site-content-style":"default","site-sidebar-style":"default","ast-global-header-display":"","ast-banner-title-visibility":"","ast-main-header-display":"","ast-hfb-above-header-display":"","ast-hfb-below-header-display":"","ast-hfb-mobile-header-display":"","site-post-title":"disabled","ast-breadcrumbs-content":"","ast-featured-img":"disabled","footer-sml-layout":"","ast-disable-related-posts":"","theme-transparent-header-meta":"","adv-header-id-meta":"","stick-header-meta":"","header-above-stick-meta":"","header-main-stick-meta":"","header-below-stick-meta":"","astra-migrate-meta-layouts":"default","ast-page-background-enabled":"default","ast-page-background-meta":{"desktop":{"background-color":"var(--ast-global-color-4)","background-image":"","background-repeat":"repeat","background-position":"center center","background-size":"auto","background-attachment":"scroll","background-type":"","background-media":"","overlay-type":"","overlay-color":"","overlay-opacity":"","overlay-gradient":""},"tablet":{"background-color":"","background-image":"","background-repeat":"repeat","background-position":"center center","background-size":"auto","background-attachment":"scroll","background-type":"","background-media":"","overlay-type":"","overlay-color":"","overlay-opacity":"","overlay-gradient":""},"mobile":{"background-color":"","background-image":"","background-repeat":"repeat","background-position":"center center","background-size":"auto","background-attachment":"scroll","background-type":"","background-media":"","overlay-type":"","overlay-color":"","overlay-opacity":"","overlay-gradient":""}},"ast-content-background-meta":{"desktop":{"background-color":"var(--ast-global-color-5)","background-image":"","background-repeat":"repeat","background-position":"center center","background-size":"auto","background-attachment":"scroll","background-type":"","background-media":"","overlay-type":"","overlay-color":"","overlay-opacity":"","overlay-gradient":""},"tablet":{"background-color":"var(--ast-global-color-5)","background-image":"","background-repeat":"repeat","background-position":"center center","background-size":"auto","background-attachment":"scroll","background-type":"","background-media":"","overlay-type":"","overlay-color":"","overlay-opacity":"","overlay-gradient":""},"mobile":{"background-color":"var(--ast-global-color-5)","background-image":"","background-repeat":"repeat","background-position":"center center","background-size":"auto","background-attachment":"scroll","background-type":"","background-media":"","overlay-type":"","overlay-color":"","overlay-opacity":"","overlay-gradient":""}},"footnotes":""},"class_list":["post-1651","page","type-page","status-publish","hentry"],"yoast_head":"<!-- This site is optimized with the Yoast SEO plugin v27.4 - https:\/\/yoast.com\/product\/yoast-seo-wordpress\/ -->\n<title>Mises \u00e0 jour des inscriptions - CAN-ACT<\/title>\n<meta name=\"robots\" content=\"index, follow, max-snippet:-1, max-image-preview:large, max-video-preview:-1\" \/>\n<link rel=\"canonical\" href=\"https:\/\/can-act.org\/fr\/a-propos\/inscriptions\/\" \/>\n<meta property=\"og:locale\" content=\"fr_FR\" \/>\n<meta property=\"og:type\" content=\"article\" \/>\n<meta property=\"og:title\" content=\"Mises \u00e0 jour des inscriptions - CAN-ACT\" \/>\n<meta property=\"og:description\" content=\"Institutions partenaires pour les mises \u00e0 jour des inscriptions University of Saskatchewan\/Jim Pattison Children\u2019s Hospital McGill University\/Montreal Children\u2019s Hospital Universit\u00e9 de Sherbrooke\/H\u00f4pital Fleurimont (CHUS) Universit\u00e9 de Montr\u00e9al\/CHU Sainte Justine Memorial University of Newfoundland\/Janeway Children\u2019s Hospital Dalhousie University\/IWK Children\u2019s Heart Centre CHU de Qu\u00e9bec \u2013 Universit\u00e9 Laval\/Centre m\u00e8re enfant Soleil University of Ottawa\/Children\u2019s Hospital of Eastern [&hellip;]\" \/>\n<meta property=\"og:url\" content=\"https:\/\/can-act.org\/fr\/a-propos\/inscriptions\/\" \/>\n<meta property=\"og:site_name\" content=\"CAN-ACT\" \/>\n<meta property=\"article:modified_time\" content=\"2026-04-12T15:15:12+00:00\" \/>\n<meta property=\"og:image\" content=\"https:\/\/can-act.org\/wp-content\/uploads\/2026\/04\/CAN_ACT_Enrolment_April_10_2026-scaled.png\" \/>\n\t<meta property=\"og:image:width\" content=\"2560\" \/>\n\t<meta property=\"og:image:height\" content=\"1182\" \/>\n\t<meta property=\"og:image:type\" content=\"image\/png\" \/>\n<meta name=\"twitter:card\" content=\"summary_large_image\" \/>\n<meta name=\"twitter:label1\" content=\"Dur\u00e9e de lecture estim\u00e9e\" \/>\n\t<meta name=\"twitter:data1\" content=\"1 minute\" \/>\n<script type=\"application\/ld+json\" class=\"yoast-schema-graph\">{\"@context\":\"https:\\\/\\\/schema.org\",\"@graph\":[{\"@type\":\"WebPage\",\"@id\":\"https:\\\/\\\/can-act.org\\\/fr\\\/a-propos\\\/inscriptions\\\/\",\"url\":\"https:\\\/\\\/can-act.org\\\/fr\\\/a-propos\\\/inscriptions\\\/\",\"name\":\"Mises \u00e0 jour des inscriptions - CAN-ACT\",\"isPartOf\":{\"@id\":\"https:\\\/\\\/can-act.org\\\/fr\\\/#website\"},\"primaryImageOfPage\":{\"@id\":\"https:\\\/\\\/can-act.org\\\/fr\\\/a-propos\\\/inscriptions\\\/#primaryimage\"},\"image\":{\"@id\":\"https:\\\/\\\/can-act.org\\\/fr\\\/a-propos\\\/inscriptions\\\/#primaryimage\"},\"thumbnailUrl\":\"https:\\\/\\\/can-act.org\\\/wp-content\\\/uploads\\\/2026\\\/04\\\/CAN_ACT_Enrolment_April_10_2026-1024x473.png\",\"datePublished\":\"2025-09-21T21:22:36+00:00\",\"dateModified\":\"2026-04-12T15:15:12+00:00\",\"breadcrumb\":{\"@id\":\"https:\\\/\\\/can-act.org\\\/fr\\\/a-propos\\\/inscriptions\\\/#breadcrumb\"},\"inLanguage\":\"fr-FR\",\"potentialAction\":[{\"@type\":\"ReadAction\",\"target\":[\"https:\\\/\\\/can-act.org\\\/fr\\\/a-propos\\\/inscriptions\\\/\"]}]},{\"@type\":\"ImageObject\",\"inLanguage\":\"fr-FR\",\"@id\":\"https:\\\/\\\/can-act.org\\\/fr\\\/a-propos\\\/inscriptions\\\/#primaryimage\",\"url\":\"https:\\\/\\\/can-act.org\\\/wp-content\\\/uploads\\\/2026\\\/04\\\/CAN_ACT_Enrolment_April_10_2026-1024x473.png\",\"contentUrl\":\"https:\\\/\\\/can-act.org\\\/wp-content\\\/uploads\\\/2026\\\/04\\\/CAN_ACT_Enrolment_April_10_2026-1024x473.png\"},{\"@type\":\"BreadcrumbList\",\"@id\":\"https:\\\/\\\/can-act.org\\\/fr\\\/a-propos\\\/inscriptions\\\/#breadcrumb\",\"itemListElement\":[{\"@type\":\"ListItem\",\"position\":1,\"name\":\"Home\",\"item\":\"https:\\\/\\\/can-act.org\\\/fr\\\/\"},{\"@type\":\"ListItem\",\"position\":2,\"name\":\"\u00c0 propos de CAN-ACT\",\"item\":\"https:\\\/\\\/can-act.org\\\/fr\\\/about\\\/\"},{\"@type\":\"ListItem\",\"position\":3,\"name\":\"Mises \u00e0 jour des inscriptions\"}]},{\"@type\":\"WebSite\",\"@id\":\"https:\\\/\\\/can-act.org\\\/fr\\\/#website\",\"url\":\"https:\\\/\\\/can-act.org\\\/fr\\\/\",\"name\":\"CAN-ACT\",\"description\":\"The Canadian Aortopathy and Connective Tissue Disorders Registry\",\"publisher\":{\"@id\":\"https:\\\/\\\/can-act.org\\\/fr\\\/#organization\"},\"potentialAction\":[{\"@type\":\"SearchAction\",\"target\":{\"@type\":\"EntryPoint\",\"urlTemplate\":\"https:\\\/\\\/can-act.org\\\/fr\\\/?s={search_term_string}\"},\"query-input\":{\"@type\":\"PropertyValueSpecification\",\"valueRequired\":true,\"valueName\":\"search_term_string\"}}],\"inLanguage\":\"fr-FR\"},{\"@type\":\"Organization\",\"@id\":\"https:\\\/\\\/can-act.org\\\/fr\\\/#organization\",\"name\":\"CAN-ACT\",\"url\":\"https:\\\/\\\/can-act.org\\\/fr\\\/\",\"logo\":{\"@type\":\"ImageObject\",\"inLanguage\":\"fr-FR\",\"@id\":\"https:\\\/\\\/can-act.org\\\/fr\\\/#\\\/schema\\\/logo\\\/image\\\/\",\"url\":\"https:\\\/\\\/can-act.org\\\/wp-content\\\/uploads\\\/2025\\\/10\\\/logo_fr.png\",\"contentUrl\":\"https:\\\/\\\/can-act.org\\\/wp-content\\\/uploads\\\/2025\\\/10\\\/logo_fr.png\",\"width\":213,\"height\":71,\"caption\":\"CAN-ACT\"},\"image\":{\"@id\":\"https:\\\/\\\/can-act.org\\\/fr\\\/#\\\/schema\\\/logo\\\/image\\\/\"}}]}<\/script>\n<!-- \/ Yoast SEO plugin. -->","yoast_head_json":{"title":"Mises \u00e0 jour des inscriptions - CAN-ACT","robots":{"index":"index","follow":"follow","max-snippet":"max-snippet:-1","max-image-preview":"max-image-preview:large","max-video-preview":"max-video-preview:-1"},"canonical":"https:\/\/can-act.org\/fr\/a-propos\/inscriptions\/","og_locale":"fr_FR","og_type":"article","og_title":"Mises \u00e0 jour des inscriptions - CAN-ACT","og_description":"Institutions partenaires pour les mises \u00e0 jour des inscriptions University of Saskatchewan\/Jim Pattison Children\u2019s Hospital McGill University\/Montreal Children\u2019s Hospital Universit\u00e9 de Sherbrooke\/H\u00f4pital Fleurimont (CHUS) Universit\u00e9 de Montr\u00e9al\/CHU Sainte Justine Memorial University of Newfoundland\/Janeway Children\u2019s Hospital Dalhousie University\/IWK Children\u2019s Heart Centre CHU de Qu\u00e9bec \u2013 Universit\u00e9 Laval\/Centre m\u00e8re enfant Soleil University of Ottawa\/Children\u2019s Hospital of Eastern [&hellip;]","og_url":"https:\/\/can-act.org\/fr\/a-propos\/inscriptions\/","og_site_name":"CAN-ACT","article_modified_time":"2026-04-12T15:15:12+00:00","og_image":[{"width":2560,"height":1182,"url":"https:\/\/can-act.org\/wp-content\/uploads\/2026\/04\/CAN_ACT_Enrolment_April_10_2026-scaled.png","type":"image\/png"}],"twitter_card":"summary_large_image","twitter_misc":{"Dur\u00e9e de lecture estim\u00e9e":"1 minute"},"schema":{"@context":"https:\/\/schema.org","@graph":[{"@type":"WebPage","@id":"https:\/\/can-act.org\/fr\/a-propos\/inscriptions\/","url":"https:\/\/can-act.org\/fr\/a-propos\/inscriptions\/","name":"Mises \u00e0 jour des inscriptions - CAN-ACT","isPartOf":{"@id":"https:\/\/can-act.org\/fr\/#website"},"primaryImageOfPage":{"@id":"https:\/\/can-act.org\/fr\/a-propos\/inscriptions\/#primaryimage"},"image":{"@id":"https:\/\/can-act.org\/fr\/a-propos\/inscriptions\/#primaryimage"},"thumbnailUrl":"https:\/\/can-act.org\/wp-content\/uploads\/2026\/04\/CAN_ACT_Enrolment_April_10_2026-1024x473.png","datePublished":"2025-09-21T21:22:36+00:00","dateModified":"2026-04-12T15:15:12+00:00","breadcrumb":{"@id":"https:\/\/can-act.org\/fr\/a-propos\/inscriptions\/#breadcrumb"},"inLanguage":"fr-FR","potentialAction":[{"@type":"ReadAction","target":["https:\/\/can-act.org\/fr\/a-propos\/inscriptions\/"]}]},{"@type":"ImageObject","inLanguage":"fr-FR","@id":"https:\/\/can-act.org\/fr\/a-propos\/inscriptions\/#primaryimage","url":"https:\/\/can-act.org\/wp-content\/uploads\/2026\/04\/CAN_ACT_Enrolment_April_10_2026-1024x473.png","contentUrl":"https:\/\/can-act.org\/wp-content\/uploads\/2026\/04\/CAN_ACT_Enrolment_April_10_2026-1024x473.png"},{"@type":"BreadcrumbList","@id":"https:\/\/can-act.org\/fr\/a-propos\/inscriptions\/#breadcrumb","itemListElement":[{"@type":"ListItem","position":1,"name":"Home","item":"https:\/\/can-act.org\/fr\/"},{"@type":"ListItem","position":2,"name":"\u00c0 propos de CAN-ACT","item":"https:\/\/can-act.org\/fr\/about\/"},{"@type":"ListItem","position":3,"name":"Mises \u00e0 jour des inscriptions"}]},{"@type":"WebSite","@id":"https:\/\/can-act.org\/fr\/#website","url":"https:\/\/can-act.org\/fr\/","name":"CAN-ACT","description":"The Canadian Aortopathy and Connective Tissue Disorders Registry","publisher":{"@id":"https:\/\/can-act.org\/fr\/#organization"},"potentialAction":[{"@type":"SearchAction","target":{"@type":"EntryPoint","urlTemplate":"https:\/\/can-act.org\/fr\/?s={search_term_string}"},"query-input":{"@type":"PropertyValueSpecification","valueRequired":true,"valueName":"search_term_string"}}],"inLanguage":"fr-FR"},{"@type":"Organization","@id":"https:\/\/can-act.org\/fr\/#organization","name":"CAN-ACT","url":"https:\/\/can-act.org\/fr\/","logo":{"@type":"ImageObject","inLanguage":"fr-FR","@id":"https:\/\/can-act.org\/fr\/#\/schema\/logo\/image\/","url":"https:\/\/can-act.org\/wp-content\/uploads\/2025\/10\/logo_fr.png","contentUrl":"https:\/\/can-act.org\/wp-content\/uploads\/2025\/10\/logo_fr.png","width":213,"height":71,"caption":"CAN-ACT"},"image":{"@id":"https:\/\/can-act.org\/fr\/#\/schema\/logo\/image\/"}}]}},"_links":{"self":[{"href":"https:\/\/can-act.org\/fr\/wp-json\/wp\/v2\/pages\/1651","targetHints":{"allow":["GET"]}}],"collection":[{"href":"https:\/\/can-act.org\/fr\/wp-json\/wp\/v2\/pages"}],"about":[{"href":"https:\/\/can-act.org\/fr\/wp-json\/wp\/v2\/types\/page"}],"author":[{"embeddable":true,"href":"https:\/\/can-act.org\/fr\/wp-json\/wp\/v2\/users\/1"}],"replies":[{"embeddable":true,"href":"https:\/\/can-act.org\/fr\/wp-json\/wp\/v2\/comments?post=1651"}],"version-history":[{"count":17,"href":"https:\/\/can-act.org\/fr\/wp-json\/wp\/v2\/pages\/1651\/revisions"}],"predecessor-version":[{"id":2192,"href":"https:\/\/can-act.org\/fr\/wp-json\/wp\/v2\/pages\/1651\/revisions\/2192"}],"up":[{"embeddable":true,"href":"https:\/\/can-act.org\/fr\/wp-json\/wp\/v2\/pages\/1586"}],"wp:attachment":[{"href":"https:\/\/can-act.org\/fr\/wp-json\/wp\/v2\/media?parent=1651"}],"curies":[{"name":"wp","href":"https:\/\/api.w.org\/{rel}","templated":true}]}}