{"id":1645,"date":"2025-09-21T20:33:25","date_gmt":"2025-09-22T01:33:25","guid":{"rendered":"https:\/\/can-act.org\/nouvelles\/"},"modified":"2025-10-21T15:28:33","modified_gmt":"2025-10-21T20:28:33","slug":"nouvelles","status":"publish","type":"page","link":"https:\/\/can-act.org\/fr\/nouvelles\/","title":{"rendered":"Nouvelles"},"content":{"rendered":"\t\t<div data-elementor-type=\"wp-page\" data-elementor-id=\"1645\" class=\"elementor elementor-1645 elementor-1442\" data-elementor-post-type=\"page\">\n\t\t\t\t<div class=\"elementor-element elementor-element-1f2a901 e-flex e-con-boxed e-con e-parent\" data-id=\"1f2a901\" data-element_type=\"container\" data-e-type=\"container\" data-settings=\"{&quot;background_background&quot;:&quot;classic&quot;}\">\n\t\t\t\t\t<div class=\"e-con-inner\">\n\t\t<div class=\"elementor-element elementor-element-7610f059 e-flex e-con-boxed e-con e-child\" data-id=\"7610f059\" data-element_type=\"container\" data-e-type=\"container\">\n\t\t\t\t\t<div class=\"e-con-inner\">\n\t\t<div class=\"elementor-element elementor-element-1f631c3 e-flex e-con-boxed e-con e-child\" data-id=\"1f631c3\" data-element_type=\"container\" data-e-type=\"container\">\n\t\t\t\t\t<div class=\"e-con-inner\">\n\t\t<div class=\"elementor-element elementor-element-40e9b80c e-flex e-con-boxed e-con e-child\" data-id=\"40e9b80c\" data-element_type=\"container\" data-e-type=\"container\">\n\t\t\t\t\t<div class=\"e-con-inner\">\n\t\t\t\t<div class=\"elementor-element elementor-element-4b439086 elementor-widget elementor-widget-heading\" data-id=\"4b439086\" data-element_type=\"widget\" data-e-type=\"widget\" data-widget_type=\"heading.default\">\n\t\t\t\t\t<h1 class=\"elementor-heading-title elementor-size-default\">Actualit\u00e9s et mises \u00e0 jour<\/h1>\t\t\t\t<\/div>\n\t\t\t\t\t<\/div>\n\t\t\t\t<\/div>\n\t\t\t\t\t<\/div>\n\t\t\t\t<\/div>\n\t\t<div class=\"elementor-element elementor-element-4e33175e e-con-full e-flex e-con e-child\" data-id=\"4e33175e\" data-element_type=\"container\" data-e-type=\"container\">\n\t\t\t\t<div class=\"elementor-element elementor-element-c1e03a0 elementor-grid-2 elementor-posts--thumbnail-none elementor-grid-tablet-2 elementor-grid-mobile-1 elementor-widget elementor-widget-posts\" data-id=\"c1e03a0\" data-element_type=\"widget\" data-e-type=\"widget\" data-settings=\"{&quot;classic_columns&quot;:&quot;2&quot;,&quot;classic_row_gap&quot;:{&quot;unit&quot;:&quot;px&quot;,&quot;size&quot;:30,&quot;sizes&quot;:[]},&quot;classic_columns_tablet&quot;:&quot;2&quot;,&quot;classic_columns_mobile&quot;:&quot;1&quot;,&quot;classic_row_gap_tablet&quot;:{&quot;unit&quot;:&quot;px&quot;,&quot;size&quot;:&quot;&quot;,&quot;sizes&quot;:[]},&quot;classic_row_gap_mobile&quot;:{&quot;unit&quot;:&quot;px&quot;,&quot;size&quot;:&quot;&quot;,&quot;sizes&quot;:[]}}\" data-widget_type=\"posts.classic\">\n\t\t\t\t<div class=\"elementor-widget-container\">\n\t\t\t\t\t\t\t<div class=\"elementor-posts-container elementor-posts elementor-posts--skin-classic elementor-grid\" role=\"list\">\n\t\t\t\t<article class=\"elementor-post elementor-grid-item post-1866 post type-post status-publish format-standard hentry category-non-categorise\" role=\"listitem\">\n\t\t\t\t<div class=\"elementor-post__text\">\n\t\t\t\t<h1 class=\"elementor-post__title\">\n\t\t\t<a href=\"https:\/\/can-act.org\/fr\/prochaine-reunion-nationale-2025\/\" >\n\t\t\t\tProchaine r\u00e9union nationale des chercheurs du registre CAN-ACT \u2013 24 octobre 2025\t\t\t<\/a>\n\t\t<\/h1>\n\t\t\t\t<div class=\"elementor-post__meta-data\">\n\t\t\t\t\t<span class=\"elementor-post-date\">\n\t\t\t28 f\u00e9vrier 2025\t\t<\/span>\n\t\t\t\t<\/div>\n\t\t\t\t<div class=\"elementor-post__excerpt\">\n\t\t\t<p>Prochaine r\u00e9union nationale des chercheurs du registre CAN-ACT \u2013 24 octobre 2025 le 28 f\u00e9vrier 2025 La prochaine r\u00e9union nationale des chercheurs du registre CAN-ACT<\/p>\n\t\t<\/div>\n\t\t\t\t\t<div class=\"elementor-post__read-more-wrapper\">\n\t\t\n\t\t<a class=\"elementor-post__read-more\" href=\"https:\/\/can-act.org\/fr\/prochaine-reunion-nationale-2025\/\" aria-label=\"Read more about Prochaine r\u00e9union nationale des chercheurs du registre CAN-ACT \u2013 24 octobre 2025\" tabindex=\"-1\" >\n\t\t\tEn savoir plus \u00bb\t\t<\/a>\n\n\t\t\t\t\t<\/div>\n\t\t\t\t<\/div>\n\t\t\t\t<\/article>\n\t\t\t\t<article class=\"elementor-post elementor-grid-item post-1870 post type-post status-publish format-standard hentry category-non-categorise\" role=\"listitem\">\n\t\t\t\t<div class=\"elementor-post__text\">\n\t\t\t\t<h1 class=\"elementor-post__title\">\n\t\t\t<a href=\"https:\/\/can-act.org\/fr\/premiere-reunion-nationale-des-chercheurs\/\" >\n\t\t\t\tPremi\u00e8re r\u00e9union nationale des chercheurs du registre CAN-ACT\t\t\t<\/a>\n\t\t<\/h1>\n\t\t\t\t<div class=\"elementor-post__meta-data\">\n\t\t\t\t\t<span class=\"elementor-post-date\">\n\t\t\t31 mai 2024\t\t<\/span>\n\t\t\t\t<\/div>\n\t\t\t\t<div class=\"elementor-post__excerpt\">\n\t\t\t<p>Premi\u00e8re r\u00e9union nationale des chercheurs du registre CAN-ACT 31 mai 2024 Montr\u00e9al (Qu\u00e9bec) Le 31 mai 2024, la premi\u00e8re r\u00e9union nationale des chercheurs du registre<\/p>\n\t\t<\/div>\n\t\t\t\t\t<div class=\"elementor-post__read-more-wrapper\">\n\t\t\n\t\t<a class=\"elementor-post__read-more\" href=\"https:\/\/can-act.org\/fr\/premiere-reunion-nationale-des-chercheurs\/\" aria-label=\"Read more about Premi\u00e8re r\u00e9union nationale des chercheurs du registre CAN-ACT\" tabindex=\"-1\" >\n\t\t\tEn savoir plus \u00bb\t\t<\/a>\n\n\t\t\t\t\t<\/div>\n\t\t\t\t<\/div>\n\t\t\t\t<\/article>\n\t\t\t\t<\/div>\n\t\t\n\t\t\t\t\t\t<\/div>\n\t\t\t\t<\/div>\n\t\t\t\t<\/div>\n\t\t\t\t\t<\/div>\n\t\t\t\t<\/div>\n\t\t\t\t\t<\/div>\n\t\t\t\t<\/div>\n\t\t<div class=\"elementor-element elementor-element-71670fc e-flex e-con-boxed e-con e-parent\" data-id=\"71670fc\" data-element_type=\"container\" data-e-type=\"container\">\n\t\t\t\t\t<div class=\"e-con-inner\">\n\t\t\t\t<div class=\"elementor-element elementor-element-95cc957 elementor-widget elementor-widget-spacer\" data-id=\"95cc957\" data-element_type=\"widget\" data-e-type=\"widget\" data-widget_type=\"spacer.default\">\n\t\t\t\t\t\t\t<div class=\"elementor-spacer\">\n\t\t\t<div class=\"elementor-spacer-inner\"><\/div>\n\t\t<\/div>\n\t\t\t\t\t\t<\/div>\n\t\t\t\t\t<\/div>\n\t\t\t\t<\/div>\n\t\t\t\t<\/div>\n\t\t","protected":false},"excerpt":{"rendered":"<p>Actualit\u00e9s et mises \u00e0 jour<\/p>\n","protected":false},"author":1,"featured_media":0,"parent":0,"menu_order":7,"comment_status":"closed","ping_status":"closed","template":"elementor_header_footer","meta":{"site-sidebar-layout":"no-sidebar","site-content-layout":"page-builder","ast-site-content-layout":"full-width-container","site-content-style":"default","site-sidebar-style":"default","ast-global-header-display":"","ast-banner-title-visibility":"","ast-main-header-display":"","ast-hfb-above-header-display":"","ast-hfb-below-header-display":"","ast-hfb-mobile-header-display":"","site-post-title":"disabled","ast-breadcrumbs-content":"","ast-featured-img":"disabled","footer-sml-layout":"","ast-disable-related-posts":"","theme-transparent-header-meta":"","adv-header-id-meta":"","stick-header-meta":"","header-above-stick-meta":"","header-main-stick-meta":"","header-below-stick-meta":"","astra-migrate-meta-layouts":"default","ast-page-background-enabled":"default","ast-page-background-meta":{"desktop":{"background-color":"var(--ast-global-color-4)","background-image":"","background-repeat":"repeat","background-position":"center center","background-size":"auto","background-attachment":"scroll","background-type":"","background-media":"","overlay-type":"","overlay-color":"","overlay-opacity":"","overlay-gradient":""},"tablet":{"background-color":"","background-image":"","background-repeat":"repeat","background-position":"center center","background-size":"auto","background-attachment":"scroll","background-type":"","background-media":"","overlay-type":"","overlay-color":"","overlay-opacity":"","overlay-gradient":""},"mobile":{"background-color":"","background-image":"","background-repeat":"repeat","background-position":"center center","background-size":"auto","background-attachment":"scroll","background-type":"","background-media":"","overlay-type":"","overlay-color":"","overlay-opacity":"","overlay-gradient":""}},"ast-content-background-meta":{"desktop":{"background-color":"var(--ast-global-color-5)","background-image":"","background-repeat":"repeat","background-position":"center center","background-size":"auto","background-attachment":"scroll","background-type":"","background-media":"","overlay-type":"","overlay-color":"","overlay-opacity":"","overlay-gradient":""},"tablet":{"background-color":"var(--ast-global-color-5)","background-image":"","background-repeat":"repeat","background-position":"center center","background-size":"auto","background-attachment":"scroll","background-type":"","background-media":"","overlay-type":"","overlay-color":"","overlay-opacity":"","overlay-gradient":""},"mobile":{"background-color":"var(--ast-global-color-5)","background-image":"","background-repeat":"repeat","background-position":"center center","background-size":"auto","background-attachment":"scroll","background-type":"","background-media":"","overlay-type":"","overlay-color":"","overlay-opacity":"","overlay-gradient":""}},"footnotes":""},"class_list":["post-1645","page","type-page","status-publish","hentry"],"yoast_head":"<!-- This site is optimized with the Yoast SEO plugin v27.4 - https:\/\/yoast.com\/product\/yoast-seo-wordpress\/ -->\n<title>Nouvelles - CAN-ACT<\/title>\n<meta name=\"robots\" content=\"index, follow, max-snippet:-1, max-image-preview:large, max-video-preview:-1\" \/>\n<link rel=\"canonical\" href=\"https:\/\/can-act.org\/fr\/nouvelles\/\" \/>\n<meta property=\"og:locale\" content=\"fr_FR\" \/>\n<meta property=\"og:type\" content=\"article\" \/>\n<meta property=\"og:title\" content=\"Nouvelles - CAN-ACT\" \/>\n<meta property=\"og:description\" content=\"Actualit\u00e9s et mises \u00e0 jour\" \/>\n<meta property=\"og:url\" content=\"https:\/\/can-act.org\/fr\/nouvelles\/\" \/>\n<meta property=\"og:site_name\" content=\"CAN-ACT\" \/>\n<meta property=\"article:modified_time\" content=\"2025-10-21T20:28:33+00:00\" \/>\n<meta name=\"twitter:card\" content=\"summary_large_image\" \/>\n<script type=\"application\/ld+json\" class=\"yoast-schema-graph\">{\"@context\":\"https:\\\/\\\/schema.org\",\"@graph\":[{\"@type\":\"WebPage\",\"@id\":\"https:\\\/\\\/can-act.org\\\/fr\\\/nouvelles\\\/\",\"url\":\"https:\\\/\\\/can-act.org\\\/fr\\\/nouvelles\\\/\",\"name\":\"Nouvelles - CAN-ACT\",\"isPartOf\":{\"@id\":\"https:\\\/\\\/can-act.org\\\/fr\\\/#website\"},\"datePublished\":\"2025-09-22T01:33:25+00:00\",\"dateModified\":\"2025-10-21T20:28:33+00:00\",\"breadcrumb\":{\"@id\":\"https:\\\/\\\/can-act.org\\\/fr\\\/nouvelles\\\/#breadcrumb\"},\"inLanguage\":\"fr-FR\",\"potentialAction\":[{\"@type\":\"ReadAction\",\"target\":[\"https:\\\/\\\/can-act.org\\\/fr\\\/nouvelles\\\/\"]}]},{\"@type\":\"BreadcrumbList\",\"@id\":\"https:\\\/\\\/can-act.org\\\/fr\\\/nouvelles\\\/#breadcrumb\",\"itemListElement\":[{\"@type\":\"ListItem\",\"position\":1,\"name\":\"Home\",\"item\":\"https:\\\/\\\/can-act.org\\\/fr\\\/\"},{\"@type\":\"ListItem\",\"position\":2,\"name\":\"Nouvelles\"}]},{\"@type\":\"WebSite\",\"@id\":\"https:\\\/\\\/can-act.org\\\/fr\\\/#website\",\"url\":\"https:\\\/\\\/can-act.org\\\/fr\\\/\",\"name\":\"CAN-ACT\",\"description\":\"The Canadian Aortopathy and Connective Tissue Disorders Registry\",\"publisher\":{\"@id\":\"https:\\\/\\\/can-act.org\\\/fr\\\/#organization\"},\"potentialAction\":[{\"@type\":\"SearchAction\",\"target\":{\"@type\":\"EntryPoint\",\"urlTemplate\":\"https:\\\/\\\/can-act.org\\\/fr\\\/?s={search_term_string}\"},\"query-input\":{\"@type\":\"PropertyValueSpecification\",\"valueRequired\":true,\"valueName\":\"search_term_string\"}}],\"inLanguage\":\"fr-FR\"},{\"@type\":\"Organization\",\"@id\":\"https:\\\/\\\/can-act.org\\\/fr\\\/#organization\",\"name\":\"CAN-ACT\",\"url\":\"https:\\\/\\\/can-act.org\\\/fr\\\/\",\"logo\":{\"@type\":\"ImageObject\",\"inLanguage\":\"fr-FR\",\"@id\":\"https:\\\/\\\/can-act.org\\\/fr\\\/#\\\/schema\\\/logo\\\/image\\\/\",\"url\":\"https:\\\/\\\/can-act.org\\\/wp-content\\\/uploads\\\/2025\\\/10\\\/logo_fr.png\",\"contentUrl\":\"https:\\\/\\\/can-act.org\\\/wp-content\\\/uploads\\\/2025\\\/10\\\/logo_fr.png\",\"width\":213,\"height\":71,\"caption\":\"CAN-ACT\"},\"image\":{\"@id\":\"https:\\\/\\\/can-act.org\\\/fr\\\/#\\\/schema\\\/logo\\\/image\\\/\"}}]}<\/script>\n<!-- \/ Yoast SEO plugin. -->","yoast_head_json":{"title":"Nouvelles - CAN-ACT","robots":{"index":"index","follow":"follow","max-snippet":"max-snippet:-1","max-image-preview":"max-image-preview:large","max-video-preview":"max-video-preview:-1"},"canonical":"https:\/\/can-act.org\/fr\/nouvelles\/","og_locale":"fr_FR","og_type":"article","og_title":"Nouvelles - CAN-ACT","og_description":"Actualit\u00e9s et mises \u00e0 jour","og_url":"https:\/\/can-act.org\/fr\/nouvelles\/","og_site_name":"CAN-ACT","article_modified_time":"2025-10-21T20:28:33+00:00","twitter_card":"summary_large_image","schema":{"@context":"https:\/\/schema.org","@graph":[{"@type":"WebPage","@id":"https:\/\/can-act.org\/fr\/nouvelles\/","url":"https:\/\/can-act.org\/fr\/nouvelles\/","name":"Nouvelles - CAN-ACT","isPartOf":{"@id":"https:\/\/can-act.org\/fr\/#website"},"datePublished":"2025-09-22T01:33:25+00:00","dateModified":"2025-10-21T20:28:33+00:00","breadcrumb":{"@id":"https:\/\/can-act.org\/fr\/nouvelles\/#breadcrumb"},"inLanguage":"fr-FR","potentialAction":[{"@type":"ReadAction","target":["https:\/\/can-act.org\/fr\/nouvelles\/"]}]},{"@type":"BreadcrumbList","@id":"https:\/\/can-act.org\/fr\/nouvelles\/#breadcrumb","itemListElement":[{"@type":"ListItem","position":1,"name":"Home","item":"https:\/\/can-act.org\/fr\/"},{"@type":"ListItem","position":2,"name":"Nouvelles"}]},{"@type":"WebSite","@id":"https:\/\/can-act.org\/fr\/#website","url":"https:\/\/can-act.org\/fr\/","name":"CAN-ACT","description":"The Canadian Aortopathy and Connective Tissue Disorders Registry","publisher":{"@id":"https:\/\/can-act.org\/fr\/#organization"},"potentialAction":[{"@type":"SearchAction","target":{"@type":"EntryPoint","urlTemplate":"https:\/\/can-act.org\/fr\/?s={search_term_string}"},"query-input":{"@type":"PropertyValueSpecification","valueRequired":true,"valueName":"search_term_string"}}],"inLanguage":"fr-FR"},{"@type":"Organization","@id":"https:\/\/can-act.org\/fr\/#organization","name":"CAN-ACT","url":"https:\/\/can-act.org\/fr\/","logo":{"@type":"ImageObject","inLanguage":"fr-FR","@id":"https:\/\/can-act.org\/fr\/#\/schema\/logo\/image\/","url":"https:\/\/can-act.org\/wp-content\/uploads\/2025\/10\/logo_fr.png","contentUrl":"https:\/\/can-act.org\/wp-content\/uploads\/2025\/10\/logo_fr.png","width":213,"height":71,"caption":"CAN-ACT"},"image":{"@id":"https:\/\/can-act.org\/fr\/#\/schema\/logo\/image\/"}}]}},"_links":{"self":[{"href":"https:\/\/can-act.org\/fr\/wp-json\/wp\/v2\/pages\/1645","targetHints":{"allow":["GET"]}}],"collection":[{"href":"https:\/\/can-act.org\/fr\/wp-json\/wp\/v2\/pages"}],"about":[{"href":"https:\/\/can-act.org\/fr\/wp-json\/wp\/v2\/types\/page"}],"author":[{"embeddable":true,"href":"https:\/\/can-act.org\/fr\/wp-json\/wp\/v2\/users\/1"}],"replies":[{"embeddable":true,"href":"https:\/\/can-act.org\/fr\/wp-json\/wp\/v2\/comments?post=1645"}],"version-history":[{"count":2,"href":"https:\/\/can-act.org\/fr\/wp-json\/wp\/v2\/pages\/1645\/revisions"}],"predecessor-version":[{"id":1921,"href":"https:\/\/can-act.org\/fr\/wp-json\/wp\/v2\/pages\/1645\/revisions\/1921"}],"wp:attachment":[{"href":"https:\/\/can-act.org\/fr\/wp-json\/wp\/v2\/media?parent=1645"}],"curies":[{"name":"wp","href":"https:\/\/api.w.org\/{rel}","templated":true}]}}