{"id":1617,"date":"2025-09-21T16:21:07","date_gmt":"2025-09-21T21:21:07","guid":{"rendered":"https:\/\/can-act.org\/a-propos-2\/"},"modified":"2025-10-23T09:17:39","modified_gmt":"2025-10-23T14:17:39","slug":"a-propos-2","status":"publish","type":"page","link":"https:\/\/can-act.org\/fr\/cliniciens\/a-propos-2\/","title":{"rendered":"\u00c0 propos"},"content":{"rendered":"\t\t<div data-elementor-type=\"wp-page\" data-elementor-id=\"1617\" class=\"elementor elementor-1617 elementor-1419\" data-elementor-post-type=\"page\">\n\t\t\t\t<div class=\"elementor-element elementor-element-fb12f18 e-flex e-con-boxed e-con e-parent\" data-id=\"fb12f18\" data-element_type=\"container\" data-e-type=\"container\" data-settings=\"{&quot;background_background&quot;:&quot;classic&quot;}\">\n\t\t\t\t\t<div class=\"e-con-inner\">\n\t\t<div class=\"elementor-element elementor-element-5c9e560 e-flex e-con-boxed e-con e-child\" data-id=\"5c9e560\" data-element_type=\"container\" data-e-type=\"container\">\n\t\t\t\t\t<div class=\"e-con-inner\">\n\t\t<div class=\"elementor-element elementor-element-9096246 e-flex e-con-boxed e-con e-child\" data-id=\"9096246\" data-element_type=\"container\" data-e-type=\"container\">\n\t\t\t\t\t<div class=\"e-con-inner\">\n\t\t<div class=\"elementor-element elementor-element-524e513 e-flex e-con-boxed e-con e-child\" data-id=\"524e513\" data-element_type=\"container\" data-e-type=\"container\">\n\t\t\t\t\t<div class=\"e-con-inner\">\n\t\t\t\t<div class=\"elementor-element elementor-element-266601c elementor-widget elementor-widget-heading\" data-id=\"266601c\" data-element_type=\"widget\" data-e-type=\"widget\" data-widget_type=\"heading.default\">\n\t\t\t\t\t<h6 class=\"elementor-heading-title elementor-size-default\">Pour les cliniciens<\/h6>\t\t\t\t<\/div>\n\t\t\t\t<div class=\"elementor-element elementor-element-5815805 elementor-widget elementor-widget-heading\" data-id=\"5815805\" data-element_type=\"widget\" data-e-type=\"widget\" data-widget_type=\"heading.default\">\n\t\t\t\t\t<h1 class=\"elementor-heading-title elementor-size-default\">\u00c0 propos<\/h1>\t\t\t\t<\/div>\n\t\t\t\t\t<\/div>\n\t\t\t\t<\/div>\n\t\t\t\t\t<\/div>\n\t\t\t\t<\/div>\n\t\t<div class=\"elementor-element elementor-element-569f5e5 e-con-full e-flex e-con e-child\" data-id=\"569f5e5\" data-element_type=\"container\" data-e-type=\"container\">\n\t\t<div class=\"elementor-element elementor-element-459fee9 e-con-full e-flex e-con e-child\" data-id=\"459fee9\" data-element_type=\"container\" data-e-type=\"container\">\n\t\t\t\t<div class=\"elementor-element elementor-element-183a061 elementor-widget elementor-widget-image\" data-id=\"183a061\" data-element_type=\"widget\" data-e-type=\"widget\" data-widget_type=\"image.default\">\n\t\t\t\t\t\t\t\t\t\t\t\t\t\t\t<img fetchpriority=\"high\" decoding=\"async\" width=\"400\" height=\"480\" src=\"https:\/\/can-act.org\/wp-content\/uploads\/2025\/09\/5.png\" class=\"attachment-full size-full wp-image-1585\" alt=\"\" srcset=\"https:\/\/can-act.org\/wp-content\/uploads\/2025\/09\/5.png 400w, https:\/\/can-act.org\/wp-content\/uploads\/2025\/09\/5-250x300.png 250w\" sizes=\"(max-width: 400px) 100vw, 400px\" \/>\t\t\t\t\t\t\t\t\t\t\t\t\t\t\t<\/div>\n\t\t\t\t<\/div>\n\t\t<div class=\"elementor-element elementor-element-c733db3 e-con-full e-flex e-con e-child\" data-id=\"c733db3\" data-element_type=\"container\" data-e-type=\"container\">\n\t\t\t\t<div class=\"elementor-element elementor-element-fe738e4 elementor-widget elementor-widget-text-editor\" data-id=\"fe738e4\" data-element_type=\"widget\" data-e-type=\"widget\" data-widget_type=\"text-editor.default\">\n\t\t\t\t\t\t\t\t\t<p><em>Le Registre canadien des aortopathies et des troubles du tissu conjonctif (CAN-ACT)<\/em> est une base de donn\u00e9es nationale qui fait progresser la recherche sur les aortopathies syndromiques h\u00e9r\u00e9ditaires chez les personnes du Canada. En recueillant des donn\u00e9es cliniques, g\u00e9n\u00e9tiques et sur la qualit\u00e9 de vie, CAN-ACT vise \u00e0 am\u00e9liorer le diagnostic pr\u00e9coce, le traitement et la d\u00e9fense des droits pour ces maladies rares et souvent n\u00e9glig\u00e9es.<\/p>\n\t\t\t\t\t\t\t\t<\/div>\n\t\t\t\t<div class=\"elementor-element elementor-element-9bde15a elementor-widget elementor-widget-text-editor\" data-id=\"9bde15a\" data-element_type=\"widget\" data-e-type=\"widget\" data-widget_type=\"text-editor.default\">\n\t\t\t\t\t\t\t\t\t<h4>Crit\u00e8res d&rsquo;inclusion :<\/h4>\n\t\t\t\t\t\t\t\t<\/div>\n\t\t\t\t<div class=\"elementor-element elementor-element-d260112 elementor-widget elementor-widget-text-editor\" data-id=\"d260112\" data-element_type=\"widget\" data-e-type=\"widget\" data-widget_type=\"text-editor.default\">\n\t\t\t\t\t\t\t\t\t<p>Patients pr\u00e9sentant un diagnostic confirm\u00e9 de MFS, de LDS ou d&rsquo;un autre trouble de l&rsquo;aorte et de la toux syndromique ou non syndromique, vus au moins une fois dans les \u00e9tablissements participants.<\/p>\n\t\t\t\t\t\t\t\t<\/div>\n\t\t\t\t<div class=\"elementor-element elementor-element-35bbebc elementor-widget elementor-widget-text-editor\" data-id=\"35bbebc\" data-element_type=\"widget\" data-e-type=\"widget\" data-widget_type=\"text-editor.default\">\n\t\t\t\t\t\t\t\t\t<h4>Crit\u00e8res d&rsquo;exclusion :<\/h4>\n\t\t\t\t\t\t\t\t<\/div>\n\t\t\t\t<div class=\"elementor-element elementor-element-934721c elementor-widget elementor-widget-text-editor\" data-id=\"934721c\" data-element_type=\"widget\" data-e-type=\"widget\" data-widget_type=\"text-editor.default\">\n\t\t\t\t\t\t\t\t\t<p>Patients pr\u00e9sentant un diagnostic confirm\u00e9 d&rsquo;aortopathie alternative<\/p>\n\t\t\t\t\t\t\t\t<\/div>\n\t\t\t\t<\/div>\n\t\t\t\t<\/div>\n\t\t\t\t\t<\/div>\n\t\t\t\t<\/div>\n\t\t\t\t\t<\/div>\n\t\t\t\t<\/div>\n\t\t<div class=\"elementor-element elementor-element-e9dd40a e-flex e-con-boxed e-con e-parent\" data-id=\"e9dd40a\" data-element_type=\"container\" data-e-type=\"container\">\n\t\t\t\t\t<div class=\"e-con-inner\">\n\t\t\t\t<div class=\"elementor-element elementor-element-4b379cc elementor-widget elementor-widget-text-editor\" data-id=\"4b379cc\" data-element_type=\"widget\" data-e-type=\"widget\" data-widget_type=\"text-editor.default\">\n\t\t\t\t\t\t\t\t\t<h4>Ressources pour les cliniciens :<\/h4>\n\t\t\t\t\t\t\t\t<\/div>\n\t\t\t\t\t<\/div>\n\t\t\t\t<\/div>\n\t\t<div class=\"elementor-element elementor-element-2127385 e-flex e-con-boxed e-con e-parent\" data-id=\"2127385\" data-element_type=\"container\" data-e-type=\"container\">\n\t\t\t\t\t<div class=\"e-con-inner\">\n\t\t\t\t<div class=\"elementor-element elementor-element-a77e446 elementor-icon-list--layout-traditional elementor-list-item-link-full_width elementor-widget elementor-widget-icon-list\" data-id=\"a77e446\" data-element_type=\"widget\" data-e-type=\"widget\" data-widget_type=\"icon-list.default\">\n\t\t\t\t\t\t\t<ul class=\"elementor-icon-list-items\">\n\t\t\t\t\t\t\t<li class=\"elementor-icon-list-item\">\n\t\t\t\t\t\t\t\t\t\t\t<a href=\"https:\/\/www.montalcinoaorticconsortium.org\" target=\"_blank\">\n\n\t\t\t\t\t\t\t\t\t\t\t\t<span class=\"elementor-icon-list-icon\">\n\t\t\t\t\t\t\t<svg aria-hidden=\"true\" class=\"e-font-icon-svg e-fas-chevron-right\" viewBox=\"0 0 320 512\" xmlns=\"http:\/\/www.w3.org\/2000\/svg\"><path d=\"M285.476 272.971L91.132 467.314c-9.373 9.373-24.569 9.373-33.941 0l-22.667-22.667c-9.357-9.357-9.375-24.522-.04-33.901L188.505 256 34.484 101.255c-9.335-9.379-9.317-24.544.04-33.901l22.667-22.667c9.373-9.373 24.569-9.373 33.941 0L285.475 239.03c9.373 9.372 9.373 24.568.001 33.941z\"><\/path><\/svg>\t\t\t\t\t\t<\/span>\n\t\t\t\t\t\t\t\t\t\t<span class=\"elementor-icon-list-text\">The Montalcino Aortic Consortium (MAC)<\/span>\n\t\t\t\t\t\t\t\t\t\t\t<\/a>\n\t\t\t\t\t\t\t\t\t<\/li>\n\t\t\t\t\t\t\t\t<li class=\"elementor-icon-list-item\">\n\t\t\t\t\t\t\t\t\t\t\t<a href=\"https:\/\/loeysdietzcanada.org\/\" target=\"_blank\">\n\n\t\t\t\t\t\t\t\t\t\t\t\t<span class=\"elementor-icon-list-icon\">\n\t\t\t\t\t\t\t<svg aria-hidden=\"true\" class=\"e-font-icon-svg e-fas-chevron-right\" viewBox=\"0 0 320 512\" xmlns=\"http:\/\/www.w3.org\/2000\/svg\"><path d=\"M285.476 272.971L91.132 467.314c-9.373 9.373-24.569 9.373-33.941 0l-22.667-22.667c-9.357-9.357-9.375-24.522-.04-33.901L188.505 256 34.484 101.255c-9.335-9.379-9.317-24.544.04-33.901l22.667-22.667c9.373-9.373 24.569-9.373 33.941 0L285.475 239.03c9.373 9.372 9.373 24.568.001 33.941z\"><\/path><\/svg>\t\t\t\t\t\t<\/span>\n\t\t\t\t\t\t\t\t\t\t<span class=\"elementor-icon-list-text\">Loeys-Dietz Syndrome Foundation Canada<\/span>\n\t\t\t\t\t\t\t\t\t\t\t<\/a>\n\t\t\t\t\t\t\t\t\t<\/li>\n\t\t\t\t\t\t\t\t<li class=\"elementor-icon-list-item\">\n\t\t\t\t\t\t\t\t\t\t\t<a href=\"https:\/\/marfan.org\/\" target=\"_blank\">\n\n\t\t\t\t\t\t\t\t\t\t\t\t<span class=\"elementor-icon-list-icon\">\n\t\t\t\t\t\t\t<svg aria-hidden=\"true\" class=\"e-font-icon-svg e-fas-chevron-right\" viewBox=\"0 0 320 512\" xmlns=\"http:\/\/www.w3.org\/2000\/svg\"><path d=\"M285.476 272.971L91.132 467.314c-9.373 9.373-24.569 9.373-33.941 0l-22.667-22.667c-9.357-9.357-9.375-24.522-.04-33.901L188.505 256 34.484 101.255c-9.335-9.379-9.317-24.544.04-33.901l22.667-22.667c9.373-9.373 24.569-9.373 33.941 0L285.475 239.03c9.373 9.372 9.373 24.568.001 33.941z\"><\/path><\/svg>\t\t\t\t\t\t<\/span>\n\t\t\t\t\t\t\t\t\t\t<span class=\"elementor-icon-list-text\">Marfan Foundation <\/span>\n\t\t\t\t\t\t\t\t\t\t\t<\/a>\n\t\t\t\t\t\t\t\t\t<\/li>\n\t\t\t\t\t\t\t\t<li class=\"elementor-icon-list-item\">\n\t\t\t\t\t\t\t\t\t\t\t<a href=\"https:\/\/thevedsmovement.org\/research\/veds-collaborative\/\" target=\"_blank\">\n\n\t\t\t\t\t\t\t\t\t\t\t\t<span class=\"elementor-icon-list-icon\">\n\t\t\t\t\t\t\t<svg aria-hidden=\"true\" class=\"e-font-icon-svg e-fas-chevron-right\" viewBox=\"0 0 320 512\" xmlns=\"http:\/\/www.w3.org\/2000\/svg\"><path d=\"M285.476 272.971L91.132 467.314c-9.373 9.373-24.569 9.373-33.941 0l-22.667-22.667c-9.357-9.357-9.375-24.522-.04-33.901L188.505 256 34.484 101.255c-9.335-9.379-9.317-24.544.04-33.901l22.667-22.667c9.373-9.373 24.569-9.373 33.941 0L285.475 239.03c9.373 9.372 9.373 24.568.001 33.941z\"><\/path><\/svg>\t\t\t\t\t\t<\/span>\n\t\t\t\t\t\t\t\t\t\t<span class=\"elementor-icon-list-text\">vEDS collaborative<\/span>\n\t\t\t\t\t\t\t\t\t\t\t<\/a>\n\t\t\t\t\t\t\t\t\t<\/li>\n\t\t\t\t\t\t\t\t<li class=\"elementor-icon-list-item\">\n\t\t\t\t\t\t\t\t\t\t\t<a href=\"https:\/\/thevedsmovement.org\/\" target=\"_blank\">\n\n\t\t\t\t\t\t\t\t\t\t\t\t<span class=\"elementor-icon-list-icon\">\n\t\t\t\t\t\t\t<svg aria-hidden=\"true\" class=\"e-font-icon-svg e-fas-chevron-right\" viewBox=\"0 0 320 512\" xmlns=\"http:\/\/www.w3.org\/2000\/svg\"><path d=\"M285.476 272.971L91.132 467.314c-9.373 9.373-24.569 9.373-33.941 0l-22.667-22.667c-9.357-9.357-9.375-24.522-.04-33.901L188.505 256 34.484 101.255c-9.335-9.379-9.317-24.544.04-33.901l22.667-22.667c9.373-9.373 24.569-9.373 33.941 0L285.475 239.03c9.373 9.372 9.373 24.568.001 33.941z\"><\/path><\/svg>\t\t\t\t\t\t<\/span>\n\t\t\t\t\t\t\t\t\t\t<span class=\"elementor-icon-list-text\">vEDS movement<\/span>\n\t\t\t\t\t\t\t\t\t\t\t<\/a>\n\t\t\t\t\t\t\t\t\t<\/li>\n\t\t\t\t\t\t\t\t<li class=\"elementor-icon-list-item\">\n\t\t\t\t\t\t\t\t\t\t\t<a href=\"https:\/\/www.loeysdietz.org\/\" target=\"_blank\">\n\n\t\t\t\t\t\t\t\t\t\t\t\t<span class=\"elementor-icon-list-icon\">\n\t\t\t\t\t\t\t<svg aria-hidden=\"true\" class=\"e-font-icon-svg e-fas-chevron-right\" viewBox=\"0 0 320 512\" xmlns=\"http:\/\/www.w3.org\/2000\/svg\"><path d=\"M285.476 272.971L91.132 467.314c-9.373 9.373-24.569 9.373-33.941 0l-22.667-22.667c-9.357-9.357-9.375-24.522-.04-33.901L188.505 256 34.484 101.255c-9.335-9.379-9.317-24.544.04-33.901l22.667-22.667c9.373-9.373 24.569-9.373 33.941 0L285.475 239.03c9.373 9.372 9.373 24.568.001 33.941z\"><\/path><\/svg>\t\t\t\t\t\t<\/span>\n\t\t\t\t\t\t\t\t\t\t<span class=\"elementor-icon-list-text\">Loeys-Dietz Syndrome Foundation<\/span>\n\t\t\t\t\t\t\t\t\t\t\t<\/a>\n\t\t\t\t\t\t\t\t\t<\/li>\n\t\t\t\t\t\t\t\t<li class=\"elementor-icon-list-item\">\n\t\t\t\t\t\t\t\t\t\t\t<a href=\"https:\/\/www.gentacalliance.org\" target=\"_blank\">\n\n\t\t\t\t\t\t\t\t\t\t\t\t<span class=\"elementor-icon-list-icon\">\n\t\t\t\t\t\t\t<svg aria-hidden=\"true\" class=\"e-font-icon-svg e-fas-chevron-right\" viewBox=\"0 0 320 512\" xmlns=\"http:\/\/www.w3.org\/2000\/svg\"><path d=\"M285.476 272.971L91.132 467.314c-9.373 9.373-24.569 9.373-33.941 0l-22.667-22.667c-9.357-9.357-9.375-24.522-.04-33.901L188.505 256 34.484 101.255c-9.335-9.379-9.317-24.544.04-33.901l22.667-22.667c9.373-9.373 24.569-9.373 33.941 0L285.475 239.03c9.373 9.372 9.373 24.568.001 33.941z\"><\/path><\/svg>\t\t\t\t\t\t<\/span>\n\t\t\t\t\t\t\t\t\t\t<span class=\"elementor-icon-list-text\">GenTAC Alliance<\/span>\n\t\t\t\t\t\t\t\t\t\t\t<\/a>\n\t\t\t\t\t\t\t\t\t<\/li>\n\t\t\t\t\t\t\t\t<li class=\"elementor-icon-list-item\">\n\t\t\t\t\t\t\t\t\t\t\t<a href=\"https:\/\/johnritterfoundation.org\/\" target=\"_blank\">\n\n\t\t\t\t\t\t\t\t\t\t\t\t<span class=\"elementor-icon-list-icon\">\n\t\t\t\t\t\t\t<svg aria-hidden=\"true\" class=\"e-font-icon-svg e-fas-chevron-right\" viewBox=\"0 0 320 512\" xmlns=\"http:\/\/www.w3.org\/2000\/svg\"><path d=\"M285.476 272.971L91.132 467.314c-9.373 9.373-24.569 9.373-33.941 0l-22.667-22.667c-9.357-9.357-9.375-24.522-.04-33.901L188.505 256 34.484 101.255c-9.335-9.379-9.317-24.544.04-33.901l22.667-22.667c9.373-9.373 24.569-9.373 33.941 0L285.475 239.03c9.373 9.372 9.373 24.568.001 33.941z\"><\/path><\/svg>\t\t\t\t\t\t<\/span>\n\t\t\t\t\t\t\t\t\t\t<span class=\"elementor-icon-list-text\">The John Ritter Foundation for Aortic Health<\/span>\n\t\t\t\t\t\t\t\t\t\t\t<\/a>\n\t\t\t\t\t\t\t\t\t<\/li>\n\t\t\t\t\t\t<\/ul>\n\t\t\t\t\t\t<\/div>\n\t\t\t\t\t<\/div>\n\t\t\t\t<\/div>\n\t\t<div class=\"elementor-element elementor-element-d7ac943 e-flex e-con-boxed e-con e-parent\" data-id=\"d7ac943\" data-element_type=\"container\" data-e-type=\"container\">\n\t\t\t\t\t<div class=\"e-con-inner\">\n\t\t\t\t<div class=\"elementor-element elementor-element-3c6efa4 elementor-widget elementor-widget-spacer\" data-id=\"3c6efa4\" data-element_type=\"widget\" data-e-type=\"widget\" data-widget_type=\"spacer.default\">\n\t\t\t\t\t\t\t<div class=\"elementor-spacer\">\n\t\t\t<div class=\"elementor-spacer-inner\"><\/div>\n\t\t<\/div>\n\t\t\t\t\t\t<\/div>\n\t\t\t\t\t<\/div>\n\t\t\t\t<\/div>\n\t\t\t\t<\/div>\n\t\t","protected":false},"excerpt":{"rendered":"<p>Pour les cliniciens \u00c0 propos Le Registre canadien des aortopathies et des troubles du tissu conjonctif (CAN-ACT) est une base de donn\u00e9es nationale qui fait progresser la recherche sur les aortopathies syndromiques h\u00e9r\u00e9ditaires chez les personnes du Canada. En recueillant des donn\u00e9es cliniques, g\u00e9n\u00e9tiques et sur la qualit\u00e9 de vie, CAN-ACT vise \u00e0 am\u00e9liorer le [&hellip;]<\/p>\n","protected":false},"author":1,"featured_media":0,"parent":1649,"menu_order":0,"comment_status":"closed","ping_status":"closed","template":"elementor_header_footer","meta":{"site-sidebar-layout":"no-sidebar","site-content-layout":"page-builder","ast-site-content-layout":"full-width-container","site-content-style":"default","site-sidebar-style":"default","ast-global-header-display":"","ast-banner-title-visibility":"","ast-main-header-display":"","ast-hfb-above-header-display":"","ast-hfb-below-header-display":"","ast-hfb-mobile-header-display":"","site-post-title":"","ast-breadcrumbs-content":"","ast-featured-img":"disabled","footer-sml-layout":"","ast-disable-related-posts":"","theme-transparent-header-meta":"","adv-header-id-meta":"","stick-header-meta":"","header-above-stick-meta":"","header-main-stick-meta":"","header-below-stick-meta":"","astra-migrate-meta-layouts":"default","ast-page-background-enabled":"default","ast-page-background-meta":{"desktop":{"background-color":"var(--ast-global-color-4)","background-image":"","background-repeat":"repeat","background-position":"center center","background-size":"auto","background-attachment":"scroll","background-type":"","background-media":"","overlay-type":"","overlay-color":"","overlay-opacity":"","overlay-gradient":""},"tablet":{"background-color":"","background-image":"","background-repeat":"repeat","background-position":"center center","background-size":"auto","background-attachment":"scroll","background-type":"","background-media":"","overlay-type":"","overlay-color":"","overlay-opacity":"","overlay-gradient":""},"mobile":{"background-color":"","background-image":"","background-repeat":"repeat","background-position":"center center","background-size":"auto","background-attachment":"scroll","background-type":"","background-media":"","overlay-type":"","overlay-color":"","overlay-opacity":"","overlay-gradient":""}},"ast-content-background-meta":{"desktop":{"background-color":"var(--ast-global-color-5)","background-image":"","background-repeat":"repeat","background-position":"center center","background-size":"auto","background-attachment":"scroll","background-type":"","background-media":"","overlay-type":"","overlay-color":"","overlay-opacity":"","overlay-gradient":""},"tablet":{"background-color":"var(--ast-global-color-5)","background-image":"","background-repeat":"repeat","background-position":"center center","background-size":"auto","background-attachment":"scroll","background-type":"","background-media":"","overlay-type":"","overlay-color":"","overlay-opacity":"","overlay-gradient":""},"mobile":{"background-color":"var(--ast-global-color-5)","background-image":"","background-repeat":"repeat","background-position":"center center","background-size":"auto","background-attachment":"scroll","background-type":"","background-media":"","overlay-type":"","overlay-color":"","overlay-opacity":"","overlay-gradient":""}},"footnotes":""},"class_list":["post-1617","page","type-page","status-publish","hentry"],"yoast_head":"<!-- This site is optimized with the Yoast SEO plugin v27.4 - https:\/\/yoast.com\/product\/yoast-seo-wordpress\/ -->\n<title>\u00c0 propos - CAN-ACT<\/title>\n<meta name=\"robots\" content=\"index, follow, max-snippet:-1, max-image-preview:large, max-video-preview:-1\" \/>\n<link rel=\"canonical\" href=\"https:\/\/can-act.org\/fr\/cliniciens\/a-propos-2\/\" \/>\n<meta property=\"og:locale\" content=\"fr_FR\" \/>\n<meta property=\"og:type\" content=\"article\" \/>\n<meta property=\"og:title\" content=\"\u00c0 propos - CAN-ACT\" \/>\n<meta property=\"og:description\" content=\"Pour les cliniciens \u00c0 propos Le Registre canadien des aortopathies et des troubles du tissu conjonctif (CAN-ACT) est une base de donn\u00e9es nationale qui fait progresser la recherche sur les aortopathies syndromiques h\u00e9r\u00e9ditaires chez les personnes du Canada. En recueillant des donn\u00e9es cliniques, g\u00e9n\u00e9tiques et sur la qualit\u00e9 de vie, CAN-ACT vise \u00e0 am\u00e9liorer le [&hellip;]\" \/>\n<meta property=\"og:url\" content=\"https:\/\/can-act.org\/fr\/cliniciens\/a-propos-2\/\" \/>\n<meta property=\"og:site_name\" content=\"CAN-ACT\" \/>\n<meta property=\"article:modified_time\" content=\"2025-10-23T14:17:39+00:00\" \/>\n<meta property=\"og:image\" content=\"https:\/\/can-act.org\/wp-content\/uploads\/2025\/09\/5.png\" \/>\n\t<meta property=\"og:image:width\" content=\"400\" \/>\n\t<meta property=\"og:image:height\" content=\"480\" \/>\n\t<meta property=\"og:image:type\" content=\"image\/png\" \/>\n<meta name=\"twitter:card\" content=\"summary_large_image\" \/>\n<meta name=\"twitter:label1\" content=\"Dur\u00e9e de lecture estim\u00e9e\" \/>\n\t<meta name=\"twitter:data1\" content=\"1 minute\" \/>\n<script type=\"application\/ld+json\" class=\"yoast-schema-graph\">{\"@context\":\"https:\\\/\\\/schema.org\",\"@graph\":[{\"@type\":\"WebPage\",\"@id\":\"https:\\\/\\\/can-act.org\\\/fr\\\/cliniciens\\\/a-propos-2\\\/\",\"url\":\"https:\\\/\\\/can-act.org\\\/fr\\\/cliniciens\\\/a-propos-2\\\/\",\"name\":\"\u00c0 propos - CAN-ACT\",\"isPartOf\":{\"@id\":\"https:\\\/\\\/can-act.org\\\/fr\\\/#website\"},\"primaryImageOfPage\":{\"@id\":\"https:\\\/\\\/can-act.org\\\/fr\\\/cliniciens\\\/a-propos-2\\\/#primaryimage\"},\"image\":{\"@id\":\"https:\\\/\\\/can-act.org\\\/fr\\\/cliniciens\\\/a-propos-2\\\/#primaryimage\"},\"thumbnailUrl\":\"https:\\\/\\\/can-act.org\\\/wp-content\\\/uploads\\\/2025\\\/09\\\/5.png\",\"datePublished\":\"2025-09-21T21:21:07+00:00\",\"dateModified\":\"2025-10-23T14:17:39+00:00\",\"breadcrumb\":{\"@id\":\"https:\\\/\\\/can-act.org\\\/fr\\\/cliniciens\\\/a-propos-2\\\/#breadcrumb\"},\"inLanguage\":\"fr-FR\",\"potentialAction\":[{\"@type\":\"ReadAction\",\"target\":[\"https:\\\/\\\/can-act.org\\\/fr\\\/cliniciens\\\/a-propos-2\\\/\"]}]},{\"@type\":\"ImageObject\",\"inLanguage\":\"fr-FR\",\"@id\":\"https:\\\/\\\/can-act.org\\\/fr\\\/cliniciens\\\/a-propos-2\\\/#primaryimage\",\"url\":\"https:\\\/\\\/can-act.org\\\/wp-content\\\/uploads\\\/2025\\\/09\\\/5.png\",\"contentUrl\":\"https:\\\/\\\/can-act.org\\\/wp-content\\\/uploads\\\/2025\\\/09\\\/5.png\"},{\"@type\":\"BreadcrumbList\",\"@id\":\"https:\\\/\\\/can-act.org\\\/fr\\\/cliniciens\\\/a-propos-2\\\/#breadcrumb\",\"itemListElement\":[{\"@type\":\"ListItem\",\"position\":1,\"name\":\"Home\",\"item\":\"https:\\\/\\\/can-act.org\\\/fr\\\/\"},{\"@type\":\"ListItem\",\"position\":2,\"name\":\"Cliniciens\",\"item\":\"https:\\\/\\\/can-act.org\\\/fr\\\/clinicians\\\/\"},{\"@type\":\"ListItem\",\"position\":3,\"name\":\"\u00c0 propos\"}]},{\"@type\":\"WebSite\",\"@id\":\"https:\\\/\\\/can-act.org\\\/fr\\\/#website\",\"url\":\"https:\\\/\\\/can-act.org\\\/fr\\\/\",\"name\":\"CAN-ACT\",\"description\":\"The Canadian Aortopathy and Connective Tissue Disorders Registry\",\"publisher\":{\"@id\":\"https:\\\/\\\/can-act.org\\\/fr\\\/#organization\"},\"potentialAction\":[{\"@type\":\"SearchAction\",\"target\":{\"@type\":\"EntryPoint\",\"urlTemplate\":\"https:\\\/\\\/can-act.org\\\/fr\\\/?s={search_term_string}\"},\"query-input\":{\"@type\":\"PropertyValueSpecification\",\"valueRequired\":true,\"valueName\":\"search_term_string\"}}],\"inLanguage\":\"fr-FR\"},{\"@type\":\"Organization\",\"@id\":\"https:\\\/\\\/can-act.org\\\/fr\\\/#organization\",\"name\":\"CAN-ACT\",\"url\":\"https:\\\/\\\/can-act.org\\\/fr\\\/\",\"logo\":{\"@type\":\"ImageObject\",\"inLanguage\":\"fr-FR\",\"@id\":\"https:\\\/\\\/can-act.org\\\/fr\\\/#\\\/schema\\\/logo\\\/image\\\/\",\"url\":\"https:\\\/\\\/can-act.org\\\/wp-content\\\/uploads\\\/2025\\\/10\\\/logo_fr.png\",\"contentUrl\":\"https:\\\/\\\/can-act.org\\\/wp-content\\\/uploads\\\/2025\\\/10\\\/logo_fr.png\",\"width\":213,\"height\":71,\"caption\":\"CAN-ACT\"},\"image\":{\"@id\":\"https:\\\/\\\/can-act.org\\\/fr\\\/#\\\/schema\\\/logo\\\/image\\\/\"}}]}<\/script>\n<!-- \/ Yoast SEO plugin. -->","yoast_head_json":{"title":"\u00c0 propos - CAN-ACT","robots":{"index":"index","follow":"follow","max-snippet":"max-snippet:-1","max-image-preview":"max-image-preview:large","max-video-preview":"max-video-preview:-1"},"canonical":"https:\/\/can-act.org\/fr\/cliniciens\/a-propos-2\/","og_locale":"fr_FR","og_type":"article","og_title":"\u00c0 propos - CAN-ACT","og_description":"Pour les cliniciens \u00c0 propos Le Registre canadien des aortopathies et des troubles du tissu conjonctif (CAN-ACT) est une base de donn\u00e9es nationale qui fait progresser la recherche sur les aortopathies syndromiques h\u00e9r\u00e9ditaires chez les personnes du Canada. En recueillant des donn\u00e9es cliniques, g\u00e9n\u00e9tiques et sur la qualit\u00e9 de vie, CAN-ACT vise \u00e0 am\u00e9liorer le [&hellip;]","og_url":"https:\/\/can-act.org\/fr\/cliniciens\/a-propos-2\/","og_site_name":"CAN-ACT","article_modified_time":"2025-10-23T14:17:39+00:00","og_image":[{"width":400,"height":480,"url":"https:\/\/can-act.org\/wp-content\/uploads\/2025\/09\/5.png","type":"image\/png"}],"twitter_card":"summary_large_image","twitter_misc":{"Dur\u00e9e de lecture estim\u00e9e":"1 minute"},"schema":{"@context":"https:\/\/schema.org","@graph":[{"@type":"WebPage","@id":"https:\/\/can-act.org\/fr\/cliniciens\/a-propos-2\/","url":"https:\/\/can-act.org\/fr\/cliniciens\/a-propos-2\/","name":"\u00c0 propos - CAN-ACT","isPartOf":{"@id":"https:\/\/can-act.org\/fr\/#website"},"primaryImageOfPage":{"@id":"https:\/\/can-act.org\/fr\/cliniciens\/a-propos-2\/#primaryimage"},"image":{"@id":"https:\/\/can-act.org\/fr\/cliniciens\/a-propos-2\/#primaryimage"},"thumbnailUrl":"https:\/\/can-act.org\/wp-content\/uploads\/2025\/09\/5.png","datePublished":"2025-09-21T21:21:07+00:00","dateModified":"2025-10-23T14:17:39+00:00","breadcrumb":{"@id":"https:\/\/can-act.org\/fr\/cliniciens\/a-propos-2\/#breadcrumb"},"inLanguage":"fr-FR","potentialAction":[{"@type":"ReadAction","target":["https:\/\/can-act.org\/fr\/cliniciens\/a-propos-2\/"]}]},{"@type":"ImageObject","inLanguage":"fr-FR","@id":"https:\/\/can-act.org\/fr\/cliniciens\/a-propos-2\/#primaryimage","url":"https:\/\/can-act.org\/wp-content\/uploads\/2025\/09\/5.png","contentUrl":"https:\/\/can-act.org\/wp-content\/uploads\/2025\/09\/5.png"},{"@type":"BreadcrumbList","@id":"https:\/\/can-act.org\/fr\/cliniciens\/a-propos-2\/#breadcrumb","itemListElement":[{"@type":"ListItem","position":1,"name":"Home","item":"https:\/\/can-act.org\/fr\/"},{"@type":"ListItem","position":2,"name":"Cliniciens","item":"https:\/\/can-act.org\/fr\/clinicians\/"},{"@type":"ListItem","position":3,"name":"\u00c0 propos"}]},{"@type":"WebSite","@id":"https:\/\/can-act.org\/fr\/#website","url":"https:\/\/can-act.org\/fr\/","name":"CAN-ACT","description":"The Canadian Aortopathy and Connective Tissue Disorders Registry","publisher":{"@id":"https:\/\/can-act.org\/fr\/#organization"},"potentialAction":[{"@type":"SearchAction","target":{"@type":"EntryPoint","urlTemplate":"https:\/\/can-act.org\/fr\/?s={search_term_string}"},"query-input":{"@type":"PropertyValueSpecification","valueRequired":true,"valueName":"search_term_string"}}],"inLanguage":"fr-FR"},{"@type":"Organization","@id":"https:\/\/can-act.org\/fr\/#organization","name":"CAN-ACT","url":"https:\/\/can-act.org\/fr\/","logo":{"@type":"ImageObject","inLanguage":"fr-FR","@id":"https:\/\/can-act.org\/fr\/#\/schema\/logo\/image\/","url":"https:\/\/can-act.org\/wp-content\/uploads\/2025\/10\/logo_fr.png","contentUrl":"https:\/\/can-act.org\/wp-content\/uploads\/2025\/10\/logo_fr.png","width":213,"height":71,"caption":"CAN-ACT"},"image":{"@id":"https:\/\/can-act.org\/fr\/#\/schema\/logo\/image\/"}}]}},"_links":{"self":[{"href":"https:\/\/can-act.org\/fr\/wp-json\/wp\/v2\/pages\/1617","targetHints":{"allow":["GET"]}}],"collection":[{"href":"https:\/\/can-act.org\/fr\/wp-json\/wp\/v2\/pages"}],"about":[{"href":"https:\/\/can-act.org\/fr\/wp-json\/wp\/v2\/types\/page"}],"author":[{"embeddable":true,"href":"https:\/\/can-act.org\/fr\/wp-json\/wp\/v2\/users\/1"}],"replies":[{"embeddable":true,"href":"https:\/\/can-act.org\/fr\/wp-json\/wp\/v2\/comments?post=1617"}],"version-history":[{"count":3,"href":"https:\/\/can-act.org\/fr\/wp-json\/wp\/v2\/pages\/1617\/revisions"}],"predecessor-version":[{"id":2018,"href":"https:\/\/can-act.org\/fr\/wp-json\/wp\/v2\/pages\/1617\/revisions\/2018"}],"up":[{"embeddable":true,"href":"https:\/\/can-act.org\/fr\/wp-json\/wp\/v2\/pages\/1649"}],"wp:attachment":[{"href":"https:\/\/can-act.org\/fr\/wp-json\/wp\/v2\/media?parent=1617"}],"curies":[{"name":"wp","href":"https:\/\/api.w.org\/{rel}","templated":true}]}}